{"id":23,"date":"2025-04-04T11:06:21","date_gmt":"2025-04-04T11:06:21","guid":{"rendered":"https:\/\/dummy.xtemos.com\/woodmart2\/handmade-bags-elementor\/?page_id=23"},"modified":"2026-02-24T09:48:31","modified_gmt":"2026-02-24T08:48:31","slug":"contact","status":"publish","type":"page","link":"https:\/\/havana-cigar-shop.com\/en\/kontakt\/","title":{"rendered":"Contact"},"content":{"rendered":"<div data-elementor-type=\"wp-page\" data-elementor-id=\"23\" class=\"elementor elementor-23\" data-elementor-post-type=\"page\">\n\t\t\t\t<div class=\"wd-negative-gap elementor-element elementor-element-01c1aa9 wd-section-stretch color-scheme-light e-flex e-con-boxed e-con e-parent\" data-id=\"01c1aa9\" data-element_type=\"container\" data-settings=\"{&quot;background_background&quot;:&quot;classic&quot;}\">\n\t\t\t\t\t<div class=\"e-con-inner\">\n\t\t\t\t<div class=\"elementor-element elementor-element-e8af8c5 wd-el-page-heading text-left elementor-widget elementor-widget-wd_page_heading\" data-id=\"e8af8c5\" data-element_type=\"widget\" data-widget_type=\"wd_page_heading.default\">\n\t\t\t\t<div class=\"elementor-widget-container\">\n\t\t\t\t\t<h2 class=\"entry-title title\">Contact<\/h2>\t\t\t\t<\/div>\n\t\t\t\t<\/div>\n\t\t\t\t<div class=\"elementor-element elementor-element-e1b1f48 wd-el-breadcrumbs text-left elementor-widget elementor-widget-wd_element_breadcrumbs\" data-id=\"e1b1f48\" data-element_type=\"widget\" data-widget_type=\"wd_element_breadcrumbs.default\">\n\t\t\t\t<div class=\"elementor-widget-container\">\n\t\t\t\t\t\t\t\t<div class=\"yoast-breadcrumb\">\n\t\t\t\t<span><span><a href=\"https:\/\/havana-cigar-shop.com\/en\/\">Home page<\/a><\/span><\/span>\t\t\t<\/div>\n\t\t\t\t\t\t\t<\/div>\n\t\t\t\t<\/div>\n\t\t\t\t\t<\/div>\n\t\t\t\t<\/div>\n\t\t<div class=\"wd-negative-gap elementor-element elementor-element-7904630 e-flex e-con-boxed e-con e-parent\" data-id=\"7904630\" data-element_type=\"container\">\n\t\t\t\t\t<div class=\"e-con-inner\">\n\t\t<div class=\"elementor-element elementor-element-96c1bdf e-con-full e-flex e-con e-child\" data-id=\"96c1bdf\" data-element_type=\"container\">\n\t\t\t\t<div class=\"elementor-element elementor-element-b68d448 wd-width-100 elementor-widget elementor-widget-wd_title\" data-id=\"b68d448\" data-element_type=\"widget\" data-widget_type=\"wd_title.default\">\n\t\t\t\t<div class=\"elementor-widget-container\">\n\t\t\t\t\t\t\t<div class=\"title-wrapper wd-set-mb reset-last-child wd-title-color-default wd-title-style-default wd-title-size-default text-left\">\n\n\t\t\t\n\t\t\t<div class=\"liner-continer\">\n\t\t\t\t<h4 class=\"woodmart-title-container title wd-fontsize-l\">Zagreb<\/h4> \n\t\t\t\t\t\t\t<\/div>\n\n\t\t\t\t\t<\/div>\n\t\t\t\t\t\t<\/div>\n\t\t\t\t<\/div>\n\t\t\t\t<div class=\"elementor-element elementor-element-6d0e859 elementor-widget elementor-widget-wd_text_block\" data-id=\"6d0e859\" data-element_type=\"widget\" data-widget_type=\"wd_text_block.default\">\n\t\t\t\t<div class=\"elementor-widget-container\">\n\t\t\t\t\t\t\t<div class=\"wd-text-block reset-last-child text-left color-title\">\n\t\t\t\n\t\t\t<p><span style=\"text-decoration: underline;\">Frankopanska ul. 22, 10000, <br \/>Zagreb<\/span><\/p><p>Monday - Friday: 09:00 - 20:00<br \/>Saturday: 09:30\u201314:30<br \/>Sunday: Closed<\/p><p><a href=\"mailto:zagreb@havana-cigar-shop.com\">zagreb@havana-cigar-shop.com<\/a><br \/><a href=\"tel:+38515390467\">+385 1 5390 467<\/a><\/p>\n\t\t\t\t\t<\/div>\n\t\t\t\t\t\t<\/div>\n\t\t\t\t<\/div>\n\t\t\t\t<div class=\"elementor-element elementor-element-8dec087 wd-width-100 elementor-widget elementor-widget-wd_title\" data-id=\"8dec087\" data-element_type=\"widget\" data-widget_type=\"wd_title.default\">\n\t\t\t\t<div class=\"elementor-widget-container\">\n\t\t\t\t\t\t\t<div class=\"title-wrapper wd-set-mb reset-last-child wd-title-color-default wd-title-style-default wd-title-size-default text-left\">\n\n\t\t\t\n\t\t\t<div class=\"liner-continer\">\n\t\t\t\t<h4 class=\"woodmart-title-container title wd-fontsize-l\">Split<\/h4> \n\t\t\t\t\t\t\t<\/div>\n\n\t\t\t\t\t<\/div>\n\t\t\t\t\t\t<\/div>\n\t\t\t\t<\/div>\n\t\t\t\t<div class=\"elementor-element elementor-element-7093a8f elementor-widget elementor-widget-wd_text_block\" data-id=\"7093a8f\" data-element_type=\"widget\" data-widget_type=\"wd_text_block.default\">\n\t\t\t\t<div class=\"elementor-widget-container\">\n\t\t\t\t\t\t\t<div class=\"wd-text-block reset-last-child text-left color-title\">\n\t\t\t\n\t\t\t<p><span style=\"text-decoration: underline;\">Zadarska 3, 21000 <br \/>Split<\/span><\/p><p>Monday - Saturday: 08:00 - 20:00<br \/>Sunday: Closed<\/p><p><a href=\"mailto:split@havana-cigar-shop.com\">split@havana-cigar-shop.com<\/a><br \/><a href=\"tel:+38521341097\">+385 21 341 097<\/a><\/p>\n\t\t\t\t\t<\/div>\n\t\t\t\t\t\t<\/div>\n\t\t\t\t<\/div>\n\t\t\t\t<div class=\"elementor-element elementor-element-8fd3e45 wd-width-100 elementor-widget elementor-widget-wd_title\" data-id=\"8fd3e45\" data-element_type=\"widget\" data-widget_type=\"wd_title.default\">\n\t\t\t\t<div class=\"elementor-widget-container\">\n\t\t\t\t\t\t\t<div class=\"title-wrapper wd-set-mb reset-last-child wd-title-color-default wd-title-style-default wd-title-size-default text-left\">\n\n\t\t\t\n\t\t\t<div class=\"liner-continer\">\n\t\t\t\t<h4 class=\"woodmart-title-container title wd-fontsize-l\">Rovinj<\/h4> \n\t\t\t\t\t\t\t<\/div>\n\n\t\t\t\t\t<\/div>\n\t\t\t\t\t\t<\/div>\n\t\t\t\t<\/div>\n\t\t\t\t<div class=\"elementor-element elementor-element-21a54e9 elementor-widget elementor-widget-wd_text_block\" data-id=\"21a54e9\" data-element_type=\"widget\" data-widget_type=\"wd_text_block.default\">\n\t\t\t\t<div class=\"elementor-widget-container\">\n\t\t\t\t\t\t\t<div class=\"wd-text-block reset-last-child text-left color-title\">\n\t\t\t\n\t\t\t<p><span style=\"text-decoration: underline;\">\u0160etali\u0161te vije\u0107a Europe 2, 52210<br \/>Rovinj<\/span><\/p><p>Tuesday - Saturday: 09:00 - 20:00<br \/>Sunday - Monday: 10:00 - 18:00<\/p><p><a href=\"mailto:rovinj@havana-cigar-shop.com\">rovinj@havana-cigar-shop.com<\/a><br \/><a href=\"tel:+385994849152\">+385 99 4849 152<\/a><\/p>\n\t\t\t\t\t<\/div>\n\t\t\t\t\t\t<\/div>\n\t\t\t\t<\/div>\n\t\t\t\t<\/div>\n\t\t<div class=\"elementor-element elementor-element-4c522d4 e-con-full e-flex e-con e-child\" data-id=\"4c522d4\" data-element_type=\"container\">\n\t\t\t\t<div class=\"elementor-element elementor-element-a73ac0f wd-width-100 elementor-widget elementor-widget-wd_title\" data-id=\"a73ac0f\" data-element_type=\"widget\" data-widget_type=\"wd_title.default\">\n\t\t\t\t<div class=\"elementor-widget-container\">\n\t\t\t\t\t\t\t<div class=\"title-wrapper wd-set-mb reset-last-child wd-title-color-default wd-title-style-default wd-title-size-default text-left\">\n\n\t\t\t\n\t\t\t<div class=\"liner-continer\">\n\t\t\t\t<h4 class=\"woodmart-title-container title wd-fontsize-l\">Contact us<\/h4> \n\t\t\t\t\t\t\t<\/div>\n\n\t\t\t\t\t<\/div>\n\t\t\t\t\t\t<\/div>\n\t\t\t\t<\/div>\n\t\t\t\t<div class=\"elementor-element elementor-element-078a0b5 wd-cf7 elementor-widget elementor-widget-wd_contact_form_7\" data-id=\"078a0b5\" data-element_type=\"widget\" data-widget_type=\"wd_contact_form_7.default\">\n\t\t\t\t<div class=\"elementor-widget-container\">\n\t\t\t\t\t\n<div class=\"wpcf7 no-js\" id=\"wpcf7-f125-o1\" lang=\"en-US\" dir=\"ltr\" data-wpcf7-id=\"125\">\n<div class=\"screen-reader-response\"><p role=\"status\" aria-live=\"polite\" aria-atomic=\"true\"><\/p> <ul><\/ul><\/div>\n<form action=\"\/en\/wp-json\/wp\/v2\/pages\/23#wpcf7-f125-o1\" method=\"post\" class=\"wpcf7-form init\" aria-label=\"Contact form\" novalidate=\"novalidate\" data-status=\"init\" data-trp-original-action=\"\/en\/wp-json\/wp\/v2\/pages\/23#wpcf7-f125-o1\">\n<fieldset class=\"hidden-fields-container\"><input type=\"hidden\" name=\"_wpcf7\" value=\"125\" \/><input type=\"hidden\" name=\"_wpcf7_version\" value=\"6.1.5\" \/><input type=\"hidden\" name=\"_wpcf7_locale\" value=\"en_US\" \/><input type=\"hidden\" name=\"_wpcf7_unit_tag\" value=\"wpcf7-f125-o1\" \/><input type=\"hidden\" name=\"_wpcf7_container_post\" value=\"0\" \/><input type=\"hidden\" name=\"_wpcf7_posted_data_hash\" value=\"\" \/><input type=\"hidden\" name=\"_wpcf7_recaptcha_response\" value=\"\" \/>\n<\/fieldset>\n<div class=\"wd-grid-g\">\n\t<div class=\"wd-grid-f-stretch\">\n\t\t<div class=\"wd-col\">\n\t\t\t<p><span class=\"wpcf7-form-control-wrap\" data-name=\"your-name\"><input size=\"40\" maxlength=\"400\" class=\"wpcf7-form-control wpcf7-text wpcf7-validates-as-required\" aria-required=\"true\" aria-invalid=\"false\" placeholder=\"Your full name\" value=\"\" type=\"text\" name=\"your-name\" \/><\/span>\n\t\t\t<\/p>\n\t\t<\/div>\n\t\t<div class=\"wd-col\">\n\t\t\t<p><span class=\"wpcf7-form-control-wrap\" data-name=\"your-email\"><input size=\"40\" maxlength=\"400\" class=\"wpcf7-form-control wpcf7-email wpcf7-validates-as-required wpcf7-text wpcf7-validates-as-email\" aria-required=\"true\" aria-invalid=\"false\" placeholder=\"Your email address\" value=\"\" type=\"email\" name=\"your-email\" \/><\/span>\n\t\t\t<\/p>\n\t\t<\/div>\n\t<\/div>\n\t<div class=\"wd-col\">\n\t\t<p><span class=\"wpcf7-form-control-wrap\" data-name=\"your-tel\"><input size=\"40\" maxlength=\"400\" class=\"wpcf7-form-control wpcf7-tel wpcf7-validates-as-required wpcf7-text wpcf7-validates-as-tel\" aria-required=\"true\" aria-invalid=\"false\" placeholder=\"Phone number\" value=\"\" type=\"tel\" name=\"your-tel\" \/><\/span>\n\t\t<\/p>\n\t<\/div>\n\t<div class=\"wd-col\">\n\t\t<p><span class=\"wpcf7-form-control-wrap\" data-name=\"your-field-name\"><select class=\"wpcf7-form-control wpcf7-select wpcf7-validates-as-required\" aria-required=\"true\" aria-invalid=\"false\" name=\"your-field-name\"><option value=\"Odaberite lokaciju\">Select location<\/option><option value=\"Zagreb\">Zagreb<\/option><option value=\"Rovinj\">Rovinj<\/option><option value=\"Split\">Split<\/option><\/select><\/span>\n\t\t<\/p>\n\t<\/div>\n\t<div>\n\t\t<p><span class=\"wpcf7-form-control-wrap\" data-name=\"your-message\"><textarea cols=\"40\" rows=\"10\" maxlength=\"2000\" class=\"wpcf7-form-control wpcf7-textarea\" aria-invalid=\"false\" placeholder=\"Your message\" name=\"your-message\"><\/textarea><\/span>\n\t\t<\/p>\n\t<\/div>\n\t<div>\n\t\t<p><input class=\"wpcf7-form-control wpcf7-submit has-spinner\" type=\"submit\" value=\"Send\" \/>\n\t\t<\/p>\n\t<\/div>\n<\/div><div class=\"wpcf7-response-output\" aria-hidden=\"true\"><\/div>\n<input type=\"hidden\" name=\"trp-form-language\" value=\"en\"\/><\/form>\n<\/div>\n\t\t\t\t<\/div>\n\t\t\t\t<\/div>\n\t\t\t\t<\/div>\n\t\t\t\t\t<\/div>\n\t\t\t\t<\/div>\n\t\t<div class=\"wd-negative-gap elementor-element elementor-element-9e04748 wd-section-stretch elementor-hidden-desktop elementor-hidden-tablet elementor-hidden-mobile e-flex e-con-boxed e-con e-parent\" data-id=\"9e04748\" data-element_type=\"container\" id=\"najcesca-pitanja\">\n\t\t\t\t\t<div class=\"e-con-inner\">\n\t\t<div class=\"elementor-element elementor-element-9695db3 e-con-full e-flex e-con e-child\" data-id=\"9695db3\" data-element_type=\"container\">\n\t\t\t\t<div class=\"elementor-element elementor-element-7887b2e wd-width-100 elementor-widget elementor-widget-wd_title\" data-id=\"7887b2e\" data-element_type=\"widget\" data-widget_type=\"wd_title.default\">\n\t\t\t\t<div class=\"elementor-widget-container\">\n\t\t\t\t\t\t\t<div class=\"title-wrapper wd-set-mb reset-last-child wd-title-color-default wd-title-style-default wd-title-size-default text-left\">\n\n\t\t\t\n\t\t\t<div class=\"liner-continer\">\n\t\t\t\t<h4 class=\"woodmart-title-container title wd-fontsize-l\">Frequently asked questions<\/h4> \n\t\t\t\t\t\t\t<\/div>\n\n\t\t\t\t\t<\/div>\n\t\t\t\t\t\t<\/div>\n\t\t\t\t<\/div>\n\t\t\t\t<\/div>\n\t\t<div class=\"elementor-element elementor-element-08db397 e-con-full e-flex e-con e-child\" data-id=\"08db397\" data-element_type=\"container\">\n\t\t\t\t<div class=\"elementor-element elementor-element-f44f717 elementor-widget elementor-widget-wd_accordion\" data-id=\"f44f717\" data-element_type=\"widget\" data-widget_type=\"wd_accordion.default\">\n\t\t\t\t<div class=\"elementor-widget-container\">\n\t\t\t\t\t\n\t\t<div class=\"wd-accordion wd-style-default wd-border-off wd-titles-left wd-opener-pos-right wd-opener-style-arrow\" data-state=\"all_closed\">\n\t\t\t\t\t\t\t\n\t\t\t\t<div class=\"wd-accordion-item\">\n\t\t\t\t\t<div class=\"wd-accordion-title wd-role-btn\" data-accordion-index=\"0\" tabindex=\"0\">\n\t\t\t\t\t\t<div class=\"wd-accordion-title-text\">\n\t\t\t\t\t\t\t\t\t\t\t\t\t\t<span>\n\t\t\t\t\t\t\t\tWhat is a Habano (or Havana cigar)?\t\t\t\t\t\t\t<\/span>\n\t\t\t\t\t\t<\/div>\n\t\t\t\t\t\t<span class=\"wd-accordion-opener\"><\/span>\n\t\t\t\t\t<\/div>\n\n\t\t\t\t\t<div class=\"wd-accordion-content wd-entry-content\" data-accordion-index=\"0\">\n\t\t\t\t\t\t\t\t\t\t\t\t\t\n\t\t\t\t\t\t\t<p>The name &quot;Habano&quot; is an official Denominacion de Origen Protegida (DOP) or Protected Designation of Origin and is used only to describe Cuban cigars of the highest quality. To qualify as Habano cigars, they must be handcrafted in Cuba to the strictest standards set by the Regulatory Council and use only tobacco grown in specific regions of the island. These regions are also protected as designations of origin.<\/p>\n\t\t\t\t\t\t\t\t\t\t\t\t\t\t\t\t\t\t<\/div>\n\t\t\t\t<\/div>\n\t\t\t\t\t\t\t\n\t\t\t\t<div class=\"wd-accordion-item\">\n\t\t\t\t\t<div class=\"wd-accordion-title wd-role-btn\" data-accordion-index=\"1\" tabindex=\"0\">\n\t\t\t\t\t\t<div class=\"wd-accordion-title-text\">\n\t\t\t\t\t\t\t\t\t\t\t\t\t\t<span>\n\t\t\t\t\t\t\t\tDoes the color of the wrapper give an indication of the strength of the cigar?\t\t\t\t\t\t\t<\/span>\n\t\t\t\t\t\t<\/div>\n\t\t\t\t\t\t<span class=\"wd-accordion-opener\"><\/span>\n\t\t\t\t\t<\/div>\n\n\t\t\t\t\t<div class=\"wd-accordion-content wd-entry-content\" data-accordion-index=\"1\">\n\t\t\t\t\t\t\t\t\t\t\t\t\t\n\t\t\t\t\t\t\t<p>No. While the wrapper colors vary from box to box, from Claro (light brown) to Maduro (dark brown), the blend of filling leaves dictates the intensity of flavor and aroma. If anything, the wrapper leaf provides a slight &#039;top flavor,&#039; with the dark wrapper adding a hint of sweetness and the light wrapper providing a hint of dryness.<\/p>\n\t\t\t\t\t\t\t\t\t\t\t\t\t\t\t\t\t\t<\/div>\n\t\t\t\t<\/div>\n\t\t\t\t\t\t\t\n\t\t\t\t<div class=\"wd-accordion-item\">\n\t\t\t\t\t<div class=\"wd-accordion-title wd-role-btn\" data-accordion-index=\"2\" tabindex=\"0\">\n\t\t\t\t\t\t<div class=\"wd-accordion-title-text\">\n\t\t\t\t\t\t\t\t\t\t\t\t\t\t<span>\n\t\t\t\t\t\t\t\tWhat are the correct conditions for storing cigars in a humidor?\t\t\t\t\t\t\t<\/span>\n\t\t\t\t\t\t<\/div>\n\t\t\t\t\t\t<span class=\"wd-accordion-opener\"><\/span>\n\t\t\t\t\t<\/div>\n\n\t\t\t\t\t<div class=\"wd-accordion-content wd-entry-content\" data-accordion-index=\"2\">\n\t\t\t\t\t\t\t\t\t\t\t\t\t\n\t\t\t\t\t\t\t<p>Havanas should be stored at a temperature between 16-18\u00b0C and 65-70% relative humidity. Relative humidity is the most important factor. If a Havana becomes too humid, it will be difficult to keep it lit, and excess moisture will inhibit and dilute the natural oils that are released when you light the cigar. Conversely, if you allow the cigar to dry out, these oils will disperse and can result in an unsatisfactory smoking experience.<\/p>\n\t\t\t\t\t\t\t\t\t\t\t\t\t\t\t\t\t\t<\/div>\n\t\t\t\t<\/div>\n\t\t\t\t\t\t\t\n\t\t\t\t<div class=\"wd-accordion-item\">\n\t\t\t\t\t<div class=\"wd-accordion-title wd-role-btn\" data-accordion-index=\"3\" tabindex=\"0\">\n\t\t\t\t\t\t<div class=\"wd-accordion-title-text\">\n\t\t\t\t\t\t\t\t\t\t\t\t\t\t<span>\n\t\t\t\t\t\t\t\tCan cigars be revived if they dry out?\t\t\t\t\t\t\t<\/span>\n\t\t\t\t\t\t<\/div>\n\t\t\t\t\t\t<span class=\"wd-accordion-opener\"><\/span>\n\t\t\t\t\t<\/div>\n\n\t\t\t\t\t<div class=\"wd-accordion-content wd-entry-content\" data-accordion-index=\"3\">\n\t\t\t\t\t\t\t\t\t\t\t\t\t\n\t\t\t\t\t\t\t<p>It is important to always store cigars properly. Unprotected cigars can dry out quickly, become brittle and risk damage. If cigars have lost moisture in a short period of time and are a little hard to the touch, they are easy to revive. Simply return them to a well-maintained humidor and allow them to re-acclimatize. This can take a few days. Cigars that have been drying out for a longer period of time are more problematic. If kept too dry for too long, cigars will permanently lose their natural oils and flavor. It is always worth trying to revive cigars from this condition as the alternative is to throw them away, but success is far from guaranteed and in this case it may be best to consult a local Havana Cigar expert.<\/p>\n\t\t\t\t\t\t\t\t\t\t\t\t\t\t\t\t\t\t<\/div>\n\t\t\t\t<\/div>\n\t\t\t\t\t\t\t\n\t\t\t\t<div class=\"wd-accordion-item\">\n\t\t\t\t\t<div class=\"wd-accordion-title wd-role-btn\" data-accordion-index=\"4\" tabindex=\"0\">\n\t\t\t\t\t\t<div class=\"wd-accordion-title-text\">\n\t\t\t\t\t\t\t\t\t\t\t\t\t\t<span>\n\t\t\t\t\t\t\t\tCan you relight a cigar if it goes out?\t\t\t\t\t\t\t<\/span>\n\t\t\t\t\t\t<\/div>\n\t\t\t\t\t\t<span class=\"wd-accordion-opener\"><\/span>\n\t\t\t\t\t<\/div>\n\n\t\t\t\t\t<div class=\"wd-accordion-content wd-entry-content\" data-accordion-index=\"4\">\n\t\t\t\t\t\t\t\t\t\t\t\t\t\n\t\t\t\t\t\t\t<p>Yes. First, tap the ashtray lightly to remove any excess ash, then blow gently through it to remove any stale, residual smoke that may have been trapped in the filler. Now apply the flame again to burn the edge of the wrapper, then light it as if it were a new cigar. This is only recommended if the cigar has been extinguished for less than an hour. Any longer than that may cause the cigar to have a bitter or charred taste.<\/p>\n\t\t\t\t\t\t\t\t\t\t\t\t\t\t\t\t\t\t<\/div>\n\t\t\t\t<\/div>\n\t\t\t\t\t<\/div>\n\t\t\t\t\t\t<\/div>\n\t\t\t\t<\/div>\n\t\t\t\t<\/div>\n\t\t\t\t\t<\/div>\n\t\t\t\t<\/div>\n\t\t\t\t<\/div>","protected":false},"excerpt":{"rendered":"<p>Kontakt Po\u010detna stranica Zagreb Frankopanska ul. 22, 10000, Zagreb Ponedjeljak &#8211; Petak: 09:00 &#8211; 20:00Subota: 09:30\u201314:30Nedjelja: Zatvoreno zagreb@havana-cigar-shop.com+385 1 5390<\/p>","protected":false},"author":1,"featured_media":0,"parent":0,"menu_order":0,"comment_status":"closed","ping_status":"closed","template":"","meta":{"_acf_changed":false,"footnotes":""},"class_list":["post-23","page","type-page","status-publish","hentry"],"acf":[],"yoast_head":"<!-- This site is optimized with the Yoast SEO plugin v26.6 - https:\/\/yoast.com\/wordpress\/plugins\/seo\/ -->\n<title>Kontakt &#8211; Havana shop<\/title>\n<meta name=\"description\" content=\"Havana Shop kontakt \u2013 prona\u0111i lokacije na\u0161ih trgovina, informacije i savjete stru\u010dnog osoblja.\" \/>\n<meta name=\"robots\" content=\"index, follow, max-snippet:-1, max-image-preview:large, max-video-preview:-1\" \/>\n<link rel=\"canonical\" href=\"https:\/\/havana-cigar-shop.com\/en\/contact\/\" \/>\n<meta property=\"og:locale\" content=\"en_US\" \/>\n<meta property=\"og:type\" content=\"article\" \/>\n<meta property=\"og:title\" content=\"Kontakt &#8211; Havana shop\" \/>\n<meta property=\"og:description\" content=\"Havana Shop kontakt \u2013 prona\u0111i lokacije na\u0161ih trgovina, informacije i savjete stru\u010dnog osoblja.\" \/>\n<meta property=\"og:url\" content=\"https:\/\/havana-cigar-shop.com\/en\/contact\/\" \/>\n<meta property=\"og:site_name\" content=\"Havana shop\" \/>\n<meta property=\"article:publisher\" content=\"https:\/\/www.facebook.com\/havana.cigar.shop\" \/>\n<meta property=\"article:modified_time\" content=\"2026-02-24T08:48:31+00:00\" \/>\n<meta property=\"og:image\" content=\"https:\/\/havana-cigar-shop.com\/wp-content\/uploads\/2025\/11\/site-image-havana-shop.webp\" \/>\n\t<meta property=\"og:image:width\" content=\"1200\" \/>\n\t<meta property=\"og:image:height\" content=\"675\" \/>\n\t<meta property=\"og:image:type\" content=\"image\/webp\" \/>\n<meta name=\"twitter:card\" content=\"summary_large_image\" \/>\n<meta name=\"twitter:label1\" content=\"Est. reading time\" \/>\n\t<meta name=\"twitter:data1\" content=\"3 minutes\" \/>\n<script type=\"application\/ld+json\" class=\"yoast-schema-graph\">{\"@context\":\"https:\/\/schema.org\",\"@graph\":[{\"@type\":\"WebPage\",\"@id\":\"https:\/\/havana-cigar-shop.com\/kontakt\/\",\"url\":\"https:\/\/havana-cigar-shop.com\/kontakt\/\",\"name\":\"Kontakt &#8211; Havana shop\",\"isPartOf\":{\"@id\":\"https:\/\/havana-cigar-shop.com\/#website\"},\"datePublished\":\"2025-04-04T11:06:21+00:00\",\"dateModified\":\"2026-02-24T08:48:31+00:00\",\"description\":\"Havana Shop kontakt \u2013 prona\u0111i lokacije na\u0161ih trgovina, informacije i savjete stru\u010dnog osoblja.\",\"breadcrumb\":{\"@id\":\"https:\/\/havana-cigar-shop.com\/kontakt\/#breadcrumb\"},\"inLanguage\":\"en-US\",\"potentialAction\":[{\"@type\":\"ReadAction\",\"target\":[\"https:\/\/havana-cigar-shop.com\/kontakt\/\"]}]},{\"@type\":\"BreadcrumbList\",\"@id\":\"https:\/\/havana-cigar-shop.com\/kontakt\/#breadcrumb\",\"itemListElement\":[{\"@type\":\"ListItem\",\"position\":1,\"name\":\"Po\u010detna stranica\",\"item\":\"https:\/\/havana-cigar-shop.com\/\"},{\"@type\":\"ListItem\",\"position\":2,\"name\":\"Kontakt\"}]},{\"@type\":\"WebSite\",\"@id\":\"https:\/\/havana-cigar-shop.com\/#website\",\"url\":\"https:\/\/havana-cigar-shop.com\/\",\"name\":\"Havana Shop\",\"description\":\"Distributer cigara\",\"publisher\":{\"@id\":\"https:\/\/havana-cigar-shop.com\/#organization\"},\"potentialAction\":[{\"@type\":\"SearchAction\",\"target\":{\"@type\":\"EntryPoint\",\"urlTemplate\":\"https:\/\/havana-cigar-shop.com\/?s={search_term_string}\"},\"query-input\":{\"@type\":\"PropertyValueSpecification\",\"valueRequired\":true,\"valueName\":\"search_term_string\"}}],\"inLanguage\":\"en-US\"},{\"@type\":\"Organization\",\"@id\":\"https:\/\/havana-cigar-shop.com\/#organization\",\"name\":\"Havana Shop\",\"url\":\"https:\/\/havana-cigar-shop.com\/\",\"logo\":{\"@type\":\"ImageObject\",\"inLanguage\":\"en-US\",\"@id\":\"https:\/\/havana-cigar-shop.com\/#\/schema\/logo\/image\/\",\"url\":\"https:\/\/havana-cigar-shop.com\/wp-content\/uploads\/2025\/07\/havana-logo-web-1.png\",\"contentUrl\":\"https:\/\/havana-cigar-shop.com\/wp-content\/uploads\/2025\/07\/havana-logo-web-1.png\",\"width\":229,\"height\":229,\"caption\":\"Havana Shop\"},\"image\":{\"@id\":\"https:\/\/havana-cigar-shop.com\/#\/schema\/logo\/image\/\"},\"sameAs\":[\"https:\/\/www.facebook.com\/havana.cigar.shop\",\"https:\/\/www.instagram.com\/havanacigarshop\/\"]}]}<\/script>\n<!-- \/ Yoast SEO plugin. -->","yoast_head_json":{"title":"Contact \u2013 Havana shop","description":"Havana Shop contact - find the locations of our stores, information and advice from professional staff.","robots":{"index":"index","follow":"follow","max-snippet":"max-snippet:-1","max-image-preview":"max-image-preview:large","max-video-preview":"max-video-preview:-1"},"canonical":"https:\/\/havana-cigar-shop.com\/en\/contact\/","og_locale":"en_US","og_type":"article","og_title":"Kontakt &#8211; Havana shop","og_description":"Havana Shop kontakt \u2013 prona\u0111i lokacije na\u0161ih trgovina, informacije i savjete stru\u010dnog osoblja.","og_url":"https:\/\/havana-cigar-shop.com\/en\/contact\/","og_site_name":"Havana shop","article_publisher":"https:\/\/www.facebook.com\/havana.cigar.shop","article_modified_time":"2026-02-24T08:48:31+00:00","og_image":[{"width":1200,"height":675,"url":"https:\/\/havana-cigar-shop.com\/wp-content\/uploads\/2025\/11\/site-image-havana-shop.webp","type":"image\/webp"}],"twitter_card":"summary_large_image","twitter_misc":{"Est. reading time":"3 minutes"},"schema":{"@context":"https:\/\/schema.org","@graph":[{"@type":"WebPage","@id":"https:\/\/havana-cigar-shop.com\/kontakt\/","url":"https:\/\/havana-cigar-shop.com\/kontakt\/","name":"Contact \u2013 Havana shop","isPartOf":{"@id":"https:\/\/havana-cigar-shop.com\/#website"},"datePublished":"2025-04-04T11:06:21+00:00","dateModified":"2026-02-24T08:48:31+00:00","description":"Havana Shop contact - find the locations of our stores, information and advice from professional staff.","breadcrumb":{"@id":"https:\/\/havana-cigar-shop.com\/kontakt\/#breadcrumb"},"inLanguage":"en-US","potentialAction":[{"@type":"ReadAction","target":["https:\/\/havana-cigar-shop.com\/kontakt\/"]}]},{"@type":"BreadcrumbList","@id":"https:\/\/havana-cigar-shop.com\/kontakt\/#breadcrumb","itemListElement":[{"@type":"ListItem","position":1,"name":"Po\u010detna stranica","item":"https:\/\/havana-cigar-shop.com\/"},{"@type":"ListItem","position":2,"name":"Kontakt"}]},{"@type":"WebSite","@id":"https:\/\/havana-cigar-shop.com\/#website","url":"https:\/\/havana-cigar-shop.com\/","name":"Havana Shop","description":"Cigar distributor","publisher":{"@id":"https:\/\/havana-cigar-shop.com\/#organization"},"potentialAction":[{"@type":"SearchAction","target":{"@type":"EntryPoint","urlTemplate":"https:\/\/havana-cigar-shop.com\/?s={search_term_string}"},"query-input":{"@type":"PropertyValueSpecification","valueRequired":true,"valueName":"search_term_string"}}],"inLanguage":"en-US"},{"@type":"Organization","@id":"https:\/\/havana-cigar-shop.com\/#organization","name":"Havana Shop","url":"https:\/\/havana-cigar-shop.com\/","logo":{"@type":"ImageObject","inLanguage":"en-US","@id":"https:\/\/havana-cigar-shop.com\/#\/schema\/logo\/image\/","url":"https:\/\/havana-cigar-shop.com\/wp-content\/uploads\/2025\/07\/havana-logo-web-1.png","contentUrl":"https:\/\/havana-cigar-shop.com\/wp-content\/uploads\/2025\/07\/havana-logo-web-1.png","width":229,"height":229,"caption":"Havana Shop"},"image":{"@id":"https:\/\/havana-cigar-shop.com\/#\/schema\/logo\/image\/"},"sameAs":["https:\/\/www.facebook.com\/havana.cigar.shop","https:\/\/www.instagram.com\/havanacigarshop\/"]}]}},"_links":{"self":[{"href":"https:\/\/havana-cigar-shop.com\/en\/wp-json\/wp\/v2\/pages\/23","targetHints":{"allow":["GET"]}}],"collection":[{"href":"https:\/\/havana-cigar-shop.com\/en\/wp-json\/wp\/v2\/pages"}],"about":[{"href":"https:\/\/havana-cigar-shop.com\/en\/wp-json\/wp\/v2\/types\/page"}],"author":[{"embeddable":true,"href":"https:\/\/havana-cigar-shop.com\/en\/wp-json\/wp\/v2\/users\/1"}],"replies":[{"embeddable":true,"href":"https:\/\/havana-cigar-shop.com\/en\/wp-json\/wp\/v2\/comments?post=23"}],"version-history":[{"count":12,"href":"https:\/\/havana-cigar-shop.com\/en\/wp-json\/wp\/v2\/pages\/23\/revisions"}],"predecessor-version":[{"id":22328,"href":"https:\/\/havana-cigar-shop.com\/en\/wp-json\/wp\/v2\/pages\/23\/revisions\/22328"}],"wp:attachment":[{"href":"https:\/\/havana-cigar-shop.com\/en\/wp-json\/wp\/v2\/media?parent=23"}],"curies":[{"name":"wp","href":"https:\/\/api.w.org\/{rel}","templated":true}]}}