{"id":3,"date":"2025-07-23T13:12:47","date_gmt":"2025-07-23T11:12:47","guid":{"rendered":"http:\/\/havana-cigar-shop.com\/?page_id=3"},"modified":"2026-02-24T11:07:00","modified_gmt":"2026-02-24T10:07:00","slug":"privacy-policy","status":"publish","type":"page","link":"https:\/\/havana-cigar-shop.com\/en\/pravila-privatnosti\/","title":{"rendered":"Privacy Policy"},"content":{"rendered":"<div data-elementor-type=\"wp-page\" data-elementor-id=\"3\" class=\"elementor elementor-3\" data-elementor-post-type=\"page\">\n\t\t\t\t<div class=\"wd-negative-gap elementor-element elementor-element-023c154 wd-section-stretch color-scheme-light e-flex e-con-boxed e-con e-parent\" data-id=\"023c154\" data-element_type=\"container\" data-settings=\"{&quot;background_background&quot;:&quot;classic&quot;}\">\n\t\t\t\t\t<div class=\"e-con-inner\">\n\t\t\t\t<div class=\"elementor-element elementor-element-ebde0cc wd-el-page-heading text-left elementor-widget elementor-widget-wd_page_heading\" data-id=\"ebde0cc\" data-element_type=\"widget\" data-widget_type=\"wd_page_heading.default\">\n\t\t\t\t<div class=\"elementor-widget-container\">\n\t\t\t\t\t<h2 class=\"entry-title title\">Privacy Policy<\/h2>\t\t\t\t<\/div>\n\t\t\t\t<\/div>\n\t\t\t\t<div class=\"elementor-element elementor-element-8b64a18 wd-el-breadcrumbs text-left elementor-widget elementor-widget-wd_element_breadcrumbs\" data-id=\"8b64a18\" data-element_type=\"widget\" data-widget_type=\"wd_element_breadcrumbs.default\">\n\t\t\t\t<div class=\"elementor-widget-container\">\n\t\t\t\t\t\t\t\t<div class=\"yoast-breadcrumb\">\n\t\t\t\t<span><span><a href=\"https:\/\/havana-cigar-shop.com\/en\/\">Home page<\/a><\/span><\/span>\t\t\t<\/div>\n\t\t\t\t\t\t\t<\/div>\n\t\t\t\t<\/div>\n\t\t\t\t\t<\/div>\n\t\t\t\t<\/div>\n\t\t<div class=\"wd-negative-gap elementor-element elementor-element-a2bcad3 e-flex e-con-boxed e-con e-parent\" data-id=\"a2bcad3\" data-element_type=\"container\">\n\t\t\t\t\t<div class=\"e-con-inner\">\n\t\t\t\t<div class=\"elementor-element elementor-element-f9a12ba elementor-widget elementor-widget-wd_text_block\" data-id=\"f9a12ba\" data-element_type=\"widget\" data-widget_type=\"wd_text_block.default\">\n\t\t\t\t<div class=\"elementor-widget-container\">\n\t\t\t\t\t\t\t<div class=\"wd-text-block reset-last-child text-left\">\n\t\t\t\n\t\t\t<h2 class=\"wp-block-heading\">Collection and use of personal data<\/h2>\n<p><!-- \/wp:heading --><!-- wp:paragraph --><\/p>\n<p>We may collect your personal data through communication forms available under the \u201cContact\u201d section on our website, such as your name, address, email address, phone number, and fax number. You may also voluntarily provide other information related to you and your inquiries or comments. However, we encourage you to provide only the personal data necessary for us to give appropriate responses to your inquiries and comments. We may use cookies or similar technologies that collect certain information about website usage when you access, view, and use our website. A cookie is a file placed on your computer or mobile device that helps us better understand user behavior, shows us which parts of our website people have visited, and enables us to measure the effectiveness of advertisements and web searches. Data collected through cookies and other technologies is treated as non-personal data. You can disable cookies in your browser settings (for example, under the \u201cpreferences\u201d or \u201cinternet options\u201d features of your browser). However, please note that some website features may not function properly if cookies are disabled.<\/p>\n<p><!-- \/wp:paragraph --><\/p>\n\n\t\t\t\t\t<\/div>\n\t\t\t\t\t\t<\/div>\n\t\t\t\t<\/div>\n\t\t\t\t<div class=\"elementor-element elementor-element-03638d2 elementor-widget elementor-widget-wd_text_block\" data-id=\"03638d2\" data-element_type=\"widget\" data-widget_type=\"wd_text_block.default\">\n\t\t\t\t<div class=\"elementor-widget-container\">\n\t\t\t\t\t\t\t<div class=\"wd-text-block reset-last-child text-left\">\n\t\t\t\n\t\t\t<h2 class=\"wp-block-heading\">How we use the personal data we collect<\/h2>\n<p><!-- \/wp:heading --><!-- wp:paragraph --><\/p>\n<p>We use personal data to:<\/p>\n<p><!-- \/wp:paragraph --><!-- wp:list {\"ordered\":true} --><\/p>\n<ol class=\"wp-block-list\">\n<li style=\"list-style-type: none;\">\n<ol class=\"wp-block-list\"><!-- wp:list-item --><\/p>\n<li>Respond to your comments or inquiries;<\/li>\n<li>Improve the website and enhance your experience when using our pages;<\/li>\n<li>Diagnose problems with our computer servers.<\/li>\n<\/ol>\n<\/li>\n<\/ol>\n<p><!-- \/wp:list-item --><!-- wp:list-item --><\/p>\n<p><!-- \/wp:list-item --><!-- wp:list-item --><\/p>\n<p><!-- \/wp:list-item --><\/p>\n<p><!-- \/wp:list --><!-- wp:paragraph --><\/p>\n<p>We will store your personal data only for the period necessary for the purposes stated above. After that period expires, your data will be deleted.<\/p>\n<p><!-- \/wp:paragraph --><\/p>\n\n\t\t\t\t\t<\/div>\n\t\t\t\t\t\t<\/div>\n\t\t\t\t<\/div>\n\t\t\t\t<div class=\"elementor-element elementor-element-586b0bb elementor-widget elementor-widget-wd_text_block\" data-id=\"586b0bb\" data-element_type=\"widget\" data-widget_type=\"wd_text_block.default\">\n\t\t\t\t<div class=\"elementor-widget-container\">\n\t\t\t\t\t\t\t<div class=\"wd-text-block reset-last-child text-left\">\n\t\t\t\n\t\t\t<h2 class=\"wp-block-heading\">How we may share your personal data<\/h2><p><!-- \/wp:heading --> <!-- wp:paragraph --><\/p><p>Personal data may be disclosed by CAMELOT d.o.o. exclusively to affiliated companies and business partners in order to fulfill your requests and to deliver or improve our products. You will be contacted for marketing purposes only if you have explicitly consented. CAMELOT d.o.o. is committed to keeping your personal data strictly confidential and prohibits any form of disclosure or transfer of data to third parties, except as stated above.<\/p><p><!-- \/wp:paragraph --><\/p>\n\t\t\t\t\t<\/div>\n\t\t\t\t\t\t<\/div>\n\t\t\t\t<\/div>\n\t\t\t\t<div class=\"elementor-element elementor-element-685431d elementor-widget elementor-widget-wd_text_block\" data-id=\"685431d\" data-element_type=\"widget\" data-widget_type=\"wd_text_block.default\">\n\t\t\t\t<div class=\"elementor-widget-container\">\n\t\t\t\t\t\t\t<div class=\"wd-text-block reset-last-child text-left\">\n\t\t\t\n\t\t\t<h2 class=\"wp-block-heading\">Links<\/h2><p><!-- \/wp:heading --> <!-- wp:paragraph --><\/p><p>The website may contain links to pages maintained by third parties, whose information and privacy policies differ from ours. We are not responsible for the information or privacy practices of these third parties. We advise you to read the privacy policies of all third-party websites before visiting them or submitting any personal data or other information through such websites.<\/p><p><!-- \/wp:paragraph --><\/p>\n\t\t\t\t\t<\/div>\n\t\t\t\t\t\t<\/div>\n\t\t\t\t<\/div>\n\t\t\t\t<div class=\"elementor-element elementor-element-3a9de3a elementor-widget elementor-widget-wd_text_block\" data-id=\"3a9de3a\" data-element_type=\"widget\" data-widget_type=\"wd_text_block.default\">\n\t\t\t\t<div class=\"elementor-widget-container\">\n\t\t\t\t\t\t\t<div class=\"wd-text-block reset-last-child text-left\">\n\t\t\t\n\t\t\t<h2 class=\"wp-block-heading\">Your rights<\/h2><p><!-- \/wp:heading --> <!-- wp:paragraph --><\/p><p>You are free at any time and without charge to request information about your personal data that we have stored, as well as to request details on which of your data we hold, and to request the modification and\/or deletion of your data via EMAIL. You are also free to request the correction or deletion of any inaccurate data in the same manner, and to contact us if you have any questions regarding this privacy policy.<\/p><p><!-- \/wp:paragraph --><\/p>\n\t\t\t\t\t<\/div>\n\t\t\t\t\t\t<\/div>\n\t\t\t\t<\/div>\n\t\t\t\t<div class=\"elementor-element elementor-element-5bca174 elementor-widget elementor-widget-wd_text_block\" data-id=\"5bca174\" data-element_type=\"widget\" data-widget_type=\"wd_text_block.default\">\n\t\t\t\t<div class=\"elementor-widget-container\">\n\t\t\t\t\t\t\t<div class=\"wd-text-block reset-last-child text-left\">\n\t\t\t\n\t\t\t<h2 class=\"wp-block-heading\">Privacy Policy Changes<\/h2><p><!-- \/wp:heading --> <!-- wp:paragraph --><\/p><p>CAMELOT d.o.o. reserves the right to modify this Privacy Policy at any time. We advise you to review this Privacy Policy regularly to stay informed of any changes.<\/p><p><!-- \/wp:paragraph --><\/p>\n\t\t\t\t\t<\/div>\n\t\t\t\t\t\t<\/div>\n\t\t\t\t<\/div>\n\t\t\t\t\t<\/div>\n\t\t\t\t<\/div>\n\t\t\t\t<\/div>","protected":false},"excerpt":{"rendered":"<p>Pravila privatnosti Po\u010detna stranica Prikupljanje i kori\u0161tenje osobnih podataka Va\u0161e osobne podatke mo\u017eemo prikupljati putem oblika komunikacije koji su dostupni<\/p>","protected":false},"author":1,"featured_media":0,"parent":0,"menu_order":0,"comment_status":"closed","ping_status":"open","template":"","meta":{"_acf_changed":false,"footnotes":""},"class_list":["post-3","page","type-page","status-publish","hentry"],"acf":[],"yoast_head":"<!-- This site is optimized with the Yoast SEO plugin v26.6 - https:\/\/yoast.com\/wordpress\/plugins\/seo\/ -->\n<title>Pravila privatnosti &#8211; Havana shop<\/title>\n<meta name=\"description\" content=\"Pravila privatnosti Havana Shop \u2013 saznaj kako \u0161titimo tvoje podatke i jam\u010dimo sigurnost i povjerljivost pri kupnji.\" \/>\n<meta name=\"robots\" content=\"noindex, nofollow\" \/>\n<meta property=\"og:locale\" content=\"en_US\" \/>\n<meta property=\"og:type\" content=\"article\" \/>\n<meta property=\"og:title\" content=\"Pravila privatnosti &#8211; Havana shop\" \/>\n<meta property=\"og:description\" content=\"Pravila privatnosti Havana Shop \u2013 saznaj kako \u0161titimo tvoje podatke i jam\u010dimo sigurnost i povjerljivost pri kupnji.\" \/>\n<meta property=\"og:url\" content=\"https:\/\/havana-cigar-shop.com\/en\/privacy-policy\/\" \/>\n<meta property=\"og:site_name\" content=\"Havana shop\" \/>\n<meta property=\"article:publisher\" content=\"https:\/\/www.facebook.com\/havana.cigar.shop\" \/>\n<meta property=\"article:modified_time\" content=\"2026-02-24T10:07:00+00:00\" \/>\n<meta property=\"og:image\" content=\"https:\/\/havana-cigar-shop.com\/wp-content\/uploads\/2025\/11\/site-image-havana-shop.webp\" \/>\n\t<meta property=\"og:image:width\" content=\"1200\" \/>\n\t<meta property=\"og:image:height\" content=\"675\" \/>\n\t<meta property=\"og:image:type\" content=\"image\/webp\" \/>\n<meta name=\"twitter:card\" content=\"summary_large_image\" \/>\n<meta name=\"twitter:label1\" content=\"Est. reading time\" \/>\n\t<meta name=\"twitter:data1\" content=\"3 minutes\" \/>\n<script type=\"application\/ld+json\" class=\"yoast-schema-graph\">{\"@context\":\"https:\/\/schema.org\",\"@graph\":[{\"@type\":\"WebPage\",\"@id\":\"https:\/\/havana-cigar-shop.com\/pravila-privatnosti\/\",\"url\":\"https:\/\/havana-cigar-shop.com\/pravila-privatnosti\/\",\"name\":\"Pravila privatnosti &#8211; Havana shop\",\"isPartOf\":{\"@id\":\"https:\/\/havana-cigar-shop.com\/#website\"},\"datePublished\":\"2025-07-23T11:12:47+00:00\",\"dateModified\":\"2026-02-24T10:07:00+00:00\",\"description\":\"Pravila privatnosti Havana Shop \u2013 saznaj kako \u0161titimo tvoje podatke i jam\u010dimo sigurnost i povjerljivost pri kupnji.\",\"breadcrumb\":{\"@id\":\"https:\/\/havana-cigar-shop.com\/pravila-privatnosti\/#breadcrumb\"},\"inLanguage\":\"en-US\",\"potentialAction\":[{\"@type\":\"ReadAction\",\"target\":[\"https:\/\/havana-cigar-shop.com\/pravila-privatnosti\/\"]}]},{\"@type\":\"BreadcrumbList\",\"@id\":\"https:\/\/havana-cigar-shop.com\/pravila-privatnosti\/#breadcrumb\",\"itemListElement\":[{\"@type\":\"ListItem\",\"position\":1,\"name\":\"Po\u010detna stranica\",\"item\":\"https:\/\/havana-cigar-shop.com\/\"},{\"@type\":\"ListItem\",\"position\":2,\"name\":\"Pravila privatnosti\"}]},{\"@type\":\"WebSite\",\"@id\":\"https:\/\/havana-cigar-shop.com\/#website\",\"url\":\"https:\/\/havana-cigar-shop.com\/\",\"name\":\"Havana Shop\",\"description\":\"Distributer cigara\",\"publisher\":{\"@id\":\"https:\/\/havana-cigar-shop.com\/#organization\"},\"potentialAction\":[{\"@type\":\"SearchAction\",\"target\":{\"@type\":\"EntryPoint\",\"urlTemplate\":\"https:\/\/havana-cigar-shop.com\/?s={search_term_string}\"},\"query-input\":{\"@type\":\"PropertyValueSpecification\",\"valueRequired\":true,\"valueName\":\"search_term_string\"}}],\"inLanguage\":\"en-US\"},{\"@type\":\"Organization\",\"@id\":\"https:\/\/havana-cigar-shop.com\/#organization\",\"name\":\"Havana Shop\",\"url\":\"https:\/\/havana-cigar-shop.com\/\",\"logo\":{\"@type\":\"ImageObject\",\"inLanguage\":\"en-US\",\"@id\":\"https:\/\/havana-cigar-shop.com\/#\/schema\/logo\/image\/\",\"url\":\"https:\/\/havana-cigar-shop.com\/wp-content\/uploads\/2025\/07\/havana-logo-web-1.png\",\"contentUrl\":\"https:\/\/havana-cigar-shop.com\/wp-content\/uploads\/2025\/07\/havana-logo-web-1.png\",\"width\":229,\"height\":229,\"caption\":\"Havana Shop\"},\"image\":{\"@id\":\"https:\/\/havana-cigar-shop.com\/#\/schema\/logo\/image\/\"},\"sameAs\":[\"https:\/\/www.facebook.com\/havana.cigar.shop\",\"https:\/\/www.instagram.com\/havanacigarshop\/\"]}]}<\/script>\n<!-- \/ Yoast SEO plugin. -->","yoast_head_json":{"title":"Privacy Policy \u2013 Havana shop","description":"Havana Shop Privacy Policy - find out how we protect your data and guarantee security and confidentiality when shopping.","robots":{"index":"noindex","follow":"nofollow"},"og_locale":"en_US","og_type":"article","og_title":"Pravila privatnosti &#8211; Havana shop","og_description":"Pravila privatnosti Havana Shop \u2013 saznaj kako \u0161titimo tvoje podatke i jam\u010dimo sigurnost i povjerljivost pri kupnji.","og_url":"https:\/\/havana-cigar-shop.com\/en\/privacy-policy\/","og_site_name":"Havana shop","article_publisher":"https:\/\/www.facebook.com\/havana.cigar.shop","article_modified_time":"2026-02-24T10:07:00+00:00","og_image":[{"width":1200,"height":675,"url":"https:\/\/havana-cigar-shop.com\/wp-content\/uploads\/2025\/11\/site-image-havana-shop.webp","type":"image\/webp"}],"twitter_card":"summary_large_image","twitter_misc":{"Est. reading time":"3 minutes"},"schema":{"@context":"https:\/\/schema.org","@graph":[{"@type":"WebPage","@id":"https:\/\/havana-cigar-shop.com\/pravila-privatnosti\/","url":"https:\/\/havana-cigar-shop.com\/pravila-privatnosti\/","name":"Privacy Policy \u2013 Havana shop","isPartOf":{"@id":"https:\/\/havana-cigar-shop.com\/#website"},"datePublished":"2025-07-23T11:12:47+00:00","dateModified":"2026-02-24T10:07:00+00:00","description":"Havana Shop Privacy Policy - find out how we protect your data and guarantee security and confidentiality when shopping.","breadcrumb":{"@id":"https:\/\/havana-cigar-shop.com\/pravila-privatnosti\/#breadcrumb"},"inLanguage":"en-US","potentialAction":[{"@type":"ReadAction","target":["https:\/\/havana-cigar-shop.com\/pravila-privatnosti\/"]}]},{"@type":"BreadcrumbList","@id":"https:\/\/havana-cigar-shop.com\/pravila-privatnosti\/#breadcrumb","itemListElement":[{"@type":"ListItem","position":1,"name":"Po\u010detna stranica","item":"https:\/\/havana-cigar-shop.com\/"},{"@type":"ListItem","position":2,"name":"Pravila privatnosti"}]},{"@type":"WebSite","@id":"https:\/\/havana-cigar-shop.com\/#website","url":"https:\/\/havana-cigar-shop.com\/","name":"Havana Shop","description":"Cigar distributor","publisher":{"@id":"https:\/\/havana-cigar-shop.com\/#organization"},"potentialAction":[{"@type":"SearchAction","target":{"@type":"EntryPoint","urlTemplate":"https:\/\/havana-cigar-shop.com\/?s={search_term_string}"},"query-input":{"@type":"PropertyValueSpecification","valueRequired":true,"valueName":"search_term_string"}}],"inLanguage":"en-US"},{"@type":"Organization","@id":"https:\/\/havana-cigar-shop.com\/#organization","name":"Havana Shop","url":"https:\/\/havana-cigar-shop.com\/","logo":{"@type":"ImageObject","inLanguage":"en-US","@id":"https:\/\/havana-cigar-shop.com\/#\/schema\/logo\/image\/","url":"https:\/\/havana-cigar-shop.com\/wp-content\/uploads\/2025\/07\/havana-logo-web-1.png","contentUrl":"https:\/\/havana-cigar-shop.com\/wp-content\/uploads\/2025\/07\/havana-logo-web-1.png","width":229,"height":229,"caption":"Havana Shop"},"image":{"@id":"https:\/\/havana-cigar-shop.com\/#\/schema\/logo\/image\/"},"sameAs":["https:\/\/www.facebook.com\/havana.cigar.shop","https:\/\/www.instagram.com\/havanacigarshop\/"]}]}},"_links":{"self":[{"href":"https:\/\/havana-cigar-shop.com\/en\/wp-json\/wp\/v2\/pages\/3","targetHints":{"allow":["GET"]}}],"collection":[{"href":"https:\/\/havana-cigar-shop.com\/en\/wp-json\/wp\/v2\/pages"}],"about":[{"href":"https:\/\/havana-cigar-shop.com\/en\/wp-json\/wp\/v2\/types\/page"}],"author":[{"embeddable":true,"href":"https:\/\/havana-cigar-shop.com\/en\/wp-json\/wp\/v2\/users\/1"}],"replies":[{"embeddable":true,"href":"https:\/\/havana-cigar-shop.com\/en\/wp-json\/wp\/v2\/comments?post=3"}],"version-history":[{"count":6,"href":"https:\/\/havana-cigar-shop.com\/en\/wp-json\/wp\/v2\/pages\/3\/revisions"}],"predecessor-version":[{"id":22344,"href":"https:\/\/havana-cigar-shop.com\/en\/wp-json\/wp\/v2\/pages\/3\/revisions\/22344"}],"wp:attachment":[{"href":"https:\/\/havana-cigar-shop.com\/en\/wp-json\/wp\/v2\/media?parent=3"}],"curies":[{"name":"wp","href":"https:\/\/api.w.org\/{rel}","templated":true}]}}