{"id":3709,"date":"2025-09-02T14:57:21","date_gmt":"2025-09-02T12:57:21","guid":{"rendered":"http:\/\/havana-cigar-shop.com\/?page_id=3709"},"modified":"2025-11-05T11:28:27","modified_gmt":"2025-11-05T10:28:27","slug":"loyalty","status":"publish","type":"page","link":"https:\/\/havana-cigar-shop.com\/en\/loyalty\/","title":{"rendered":"Loyalty"},"content":{"rendered":"\t\t<div data-elementor-type=\"wp-page\" data-elementor-id=\"3709\" class=\"elementor elementor-3709\" data-elementor-post-type=\"page\">\n\t\t\t\t<div class=\"elementor-element elementor-element-55d3f9c wd-section-stretch e-flex e-con-boxed e-con e-parent\" data-id=\"55d3f9c\" data-element_type=\"container\" data-settings=\"{&quot;background_background&quot;:&quot;slideshow&quot;,&quot;background_slideshow_gallery&quot;:[{&quot;id&quot;:5867,&quot;url&quot;:&quot;http:\\\/\\\/havana-cigar-shop.com\\\/wp-content\\\/uploads\\\/2025\\\/10\\\/A9286.webp&quot;},{&quot;id&quot;:5890,&quot;url&quot;:&quot;http:\\\/\\\/havana-cigar-shop.com\\\/wp-content\\\/uploads\\\/2025\\\/10\\\/A9142-1.webp&quot;}],&quot;background_slideshow_slide_transition&quot;:&quot;slide_left&quot;,&quot;background_slideshow_loop&quot;:&quot;yes&quot;,&quot;background_slideshow_slide_duration&quot;:5000,&quot;background_slideshow_transition_duration&quot;:500}\">\n\t\t\t\t\t<div class=\"e-con-inner\">\n\t\t<div class=\"elementor-element elementor-element-f2bd7f8 e-con-full e-flex e-con e-child\" data-id=\"f2bd7f8\" data-element_type=\"container\">\n\t\t\t\t<div class=\"elementor-element elementor-element-e58a128 wd-width-100 elementor-widget elementor-widget-wd_title\" data-id=\"e58a128\" data-element_type=\"widget\" data-widget_type=\"wd_title.default\">\n\t\t\t\t<div class=\"elementor-widget-container\">\n\t\t\t\t\t\t\t<div class=\"title-wrapper wd-set-mb reset-last-child wd-title-color-default wd-title-style-default wd-title-size-default text-left\">\n\n\t\t\t\t\t\t\t\t\t\t\t<div class=\"title-subtitle subtitle-color-default subtitle-style-default wd-fontsize-xs\">\n\t\t\t\t\tCamelot\t\t\t\t<\/div>\n\t\t\t\n\t\t\t<div class=\"liner-continer\">\n\t\t\t\t<h4 class=\"woodmart-title-container title wd-fontsize-l\">loyalty<\/h4> \n\t\t\t\t\t\t\t<\/div>\n\n\t\t\t\t\t<\/div>\n\t\t\t\t\t\t<\/div>\n\t\t\t\t<\/div>\n\t\t\t\t<\/div>\n\t\t\t\t\t<\/div>\n\t\t\t\t<\/div>\n\t\t<div class=\"elementor-element elementor-element-3e1cdf8 wd-section-stretch e-flex e-con-boxed e-con e-parent\" data-id=\"3e1cdf8\" data-element_type=\"container\">\n\t\t\t\t\t<div class=\"e-con-inner\">\n\t\t<div class=\"elementor-element elementor-element-9969612 e-con-full e-flex e-con e-child\" data-id=\"9969612\" data-element_type=\"container\">\n\t\t\t\t<div class=\"elementor-element elementor-element-9930c07 elementor-widget elementor-widget-wd_text_block\" data-id=\"9930c07\" data-element_type=\"widget\" data-widget_type=\"wd_text_block.default\">\n\t\t\t\t<div class=\"elementor-widget-container\">\n\t\t\t\t\t\t\t<div class=\"wd-text-block reset-last-child text-left\">\n\t\t\t\n\t\t\t<p>Ne\u0161to nije za svakoga - nagradni program osmi\u0161ljen za one koji se uvijek vra\u0107aju s razlogom.<\/p>\n\t\t\t\t\t<\/div>\n\t\t\t\t\t\t<\/div>\n\t\t\t\t<\/div>\n\t\t\t\t<\/div>\n\t\t<div class=\"elementor-element elementor-element-cb6d9b9 e-con-full e-flex e-con e-child\" data-id=\"cb6d9b9\" data-element_type=\"container\">\n\t\t<div class=\"elementor-element elementor-element-83bcaba e-con-full e-flex e-con e-child\" data-id=\"83bcaba\" data-element_type=\"container\">\n\t\t\t\t<div class=\"elementor-element elementor-element-b9fd3de wd-width-100 elementor-widget elementor-widget-wd_title\" data-id=\"b9fd3de\" data-element_type=\"widget\" data-widget_type=\"wd_title.default\">\n\t\t\t\t<div class=\"elementor-widget-container\">\n\t\t\t\t\t\t\t<div class=\"title-wrapper wd-set-mb reset-last-child wd-title-color-default wd-title-style-default wd-title-size-default text-left\">\n\n\t\t\t\n\t\t\t<div class=\"liner-continer\">\n\t\t\t\t<h4 class=\"woodmart-title-container title wd-fontsize-l\">O programu<\/h4> \n\t\t\t\t\t\t\t<\/div>\n\n\t\t\t\t\t<\/div>\n\t\t\t\t\t\t<\/div>\n\t\t\t\t<\/div>\n\t\t\t\t<div class=\"elementor-element elementor-element-4946621 elementor-widget elementor-widget-wd_text_block\" data-id=\"4946621\" data-element_type=\"widget\" data-widget_type=\"wd_text_block.default\">\n\t\t\t\t<div class=\"elementor-widget-container\">\n\t\t\t\t\t\t\t<div class=\"wd-text-block reset-last-child text-left\">\n\t\t\t\n\t\t\t<p>Za svaki status, otklju\u010davate pogodnosti. Za svaku kupnju, prikupljate bodove.<\/p>\n\t\t\t\t\t<\/div>\n\t\t\t\t\t\t<\/div>\n\t\t\t\t<\/div>\n\t\t\t\t<div class=\"elementor-element elementor-element-5d21541 elementor-align-left elementor-list-item-link-full_width elementor-widget elementor-widget-icon-list\" data-id=\"5d21541\" data-element_type=\"widget\" data-widget_type=\"icon-list.default\">\n\t\t\t\t\t\t\t<ul class=\"elementor-icon-list-items\">\n\t\t\t\t\t\t\t<li class=\"elementor-icon-list-item\">\n\t\t\t\t\t\t\t\t\t\t\t<span class=\"elementor-icon-list-icon\">\n\t\t\t\t\t\t\t<svg aria-hidden=\"true\" class=\"e-font-icon-svg e-fas-check-circle\" viewBox=\"0 0 512 512\" xmlns=\"http:\/\/www.w3.org\/2000\/svg\"><path d=\"M504 256c0 136.967-111.033 248-248 248S8 392.967 8 256 119.033 8 256 8s248 111.033 248 248zM227.314 387.314l184-184c6.248-6.248 6.248-16.379 0-22.627l-22.627-22.627c-6.248-6.249-16.379-6.249-22.628 0L216 308.118l-70.059-70.059c-6.248-6.248-16.379-6.248-22.628 0l-22.627 22.627c-6.248 6.248-6.248 16.379 0 22.627l104 104c6.249 6.249 16.379 6.249 22.628.001z\"><\/path><\/svg>\t\t\t\t\t\t<\/span>\n\t\t\t\t\t\t\t\t\t\t<span class=\"elementor-icon-list-text\">Za svakih 10 \u20ac \u2013 1 bod<\/span>\n\t\t\t\t\t\t\t\t\t<\/li>\n\t\t\t\t\t\t\t\t<li class=\"elementor-icon-list-item\">\n\t\t\t\t\t\t\t\t\t\t\t<span class=\"elementor-icon-list-icon\">\n\t\t\t\t\t\t\t<svg aria-hidden=\"true\" class=\"e-font-icon-svg e-fas-check-circle\" viewBox=\"0 0 512 512\" xmlns=\"http:\/\/www.w3.org\/2000\/svg\"><path d=\"M504 256c0 136.967-111.033 248-248 248S8 392.967 8 256 119.033 8 256 8s248 111.033 248 248zM227.314 387.314l184-184c6.248-6.248 6.248-16.379 0-22.627l-22.627-22.627c-6.248-6.249-16.379-6.249-22.628 0L216 308.118l-70.059-70.059c-6.248-6.248-16.379-6.248-22.628 0l-22.627 22.627c-6.248 6.248-6.248 16.379 0 22.627l104 104c6.249 6.249 16.379 6.249 22.628.001z\"><\/path><\/svg>\t\t\t\t\t\t<\/span>\n\t\t\t\t\t\t\t\t\t\t<span class=\"elementor-icon-list-text\">Ve\u0107 od 200 bodova \u2013 popust 15%<\/span>\n\t\t\t\t\t\t\t\t\t<\/li>\n\t\t\t\t\t\t\t\t<li class=\"elementor-icon-list-item\">\n\t\t\t\t\t\t\t\t\t\t\t<span class=\"elementor-icon-list-icon\">\n\t\t\t\t\t\t\t<svg aria-hidden=\"true\" class=\"e-font-icon-svg e-fas-check-circle\" viewBox=\"0 0 512 512\" xmlns=\"http:\/\/www.w3.org\/2000\/svg\"><path d=\"M504 256c0 136.967-111.033 248-248 248S8 392.967 8 256 119.033 8 256 8s248 111.033 248 248zM227.314 387.314l184-184c6.248-6.248 6.248-16.379 0-22.627l-22.627-22.627c-6.248-6.249-16.379-6.249-22.628 0L216 308.118l-70.059-70.059c-6.248-6.248-16.379-6.248-22.628 0l-22.627 22.627c-6.248 6.248-6.248 16.379 0 22.627l104 104c6.249 6.249 16.379 6.249 22.628.001z\"><\/path><\/svg>\t\t\t\t\t\t<\/span>\n\t\t\t\t\t\t\t\t\t\t<span class=\"elementor-icon-list-text\">Ekskluzivan pristup novitetima, limitiranim izdanjima i privatnim ponudama<\/span>\n\t\t\t\t\t\t\t\t\t<\/li>\n\t\t\t\t\t\t\t\t<li class=\"elementor-icon-list-item\">\n\t\t\t\t\t\t\t\t\t\t\t<span class=\"elementor-icon-list-icon\">\n\t\t\t\t\t\t\t<svg aria-hidden=\"true\" class=\"e-font-icon-svg e-fas-check-circle\" viewBox=\"0 0 512 512\" xmlns=\"http:\/\/www.w3.org\/2000\/svg\"><path d=\"M504 256c0 136.967-111.033 248-248 248S8 392.967 8 256 119.033 8 256 8s248 111.033 248 248zM227.314 387.314l184-184c6.248-6.248 6.248-16.379 0-22.627l-22.627-22.627c-6.248-6.249-16.379-6.249-22.628 0L216 308.118l-70.059-70.059c-6.248-6.248-16.379-6.248-22.628 0l-22.627 22.627c-6.248 6.248-6.248 16.379 0 22.627l104 104c6.249 6.249 16.379 6.249 22.628.001z\"><\/path><\/svg>\t\t\t\t\t\t<\/span>\n\t\t\t\t\t\t\t\t\t\t<span class=\"elementor-icon-list-text\">Va\u0161a osobna CAMELOT kartica<\/span>\n\t\t\t\t\t\t\t\t\t<\/li>\n\t\t\t\t\t\t<\/ul>\n\t\t\t\t\t\t<\/div>\n\t\t\t\t<\/div>\n\t\t\t\t<\/div>\n\t\t\t\t\t<\/div>\n\t\t\t\t<\/div>\n\t\t<div class=\"wd-negative-gap elementor-element elementor-element-22a20ad elementor-hidden-desktop elementor-hidden-tablet elementor-hidden-mobile e-flex e-con-boxed e-con e-parent\" data-id=\"22a20ad\" data-element_type=\"container\">\n\t\t\t\t\t<div class=\"e-con-inner\">\n\t\t<div class=\"elementor-element elementor-element-f1b4f56 e-con-full e-flex e-con e-child\" data-id=\"f1b4f56\" data-element_type=\"container\">\n\t\t\t\t<div class=\"elementor-element elementor-element-e6ba389 elementor-widget elementor-widget-wd_text_block\" data-id=\"e6ba389\" data-element_type=\"widget\" data-widget_type=\"wd_text_block.default\">\n\t\t\t\t<div class=\"elementor-widget-container\">\n\t\t\t\t\t\t\t<div class=\"wd-text-block reset-last-child text-left\">\n\t\t\t\n\t\t\t<p>Ne\u0161to nije za svakoga.<\/p>\n\t\t\t\t\t<\/div>\n\t\t\t\t\t\t<\/div>\n\t\t\t\t<\/div>\n\t\t\t\t<div class=\"elementor-element elementor-element-f348ef2 elementor-widget elementor-widget-heading\" data-id=\"f348ef2\" data-element_type=\"widget\" data-widget_type=\"heading.default\">\n\t\t\t\t\t<h2 class=\"elementor-heading-title elementor-size-default\">Podsje\u0107amo vas na CAMELOT Loyalty program \u2013 nagradni program osmi\u0161ljen za one koji se uvijek vra\u0107aju s razlogom.<br>\nZa svaku kupnju, prikupljate bodove.<\/h2>\t\t\t\t<\/div>\n\t\t\t\t<div class=\"elementor-element elementor-element-444cde4 elementor-widget elementor-widget-wd_text_block\" data-id=\"444cde4\" data-element_type=\"widget\" data-widget_type=\"wd_text_block.default\">\n\t\t\t\t<div class=\"elementor-widget-container\">\n\t\t\t\t\t\t\t<div class=\"wd-text-block reset-last-child text-left\">\n\t\t\t\n\t\t\t<p>Za svaki status, otklju\u010davate pogodnosti.<\/p>\n\t\t\t\t\t<\/div>\n\t\t\t\t\t\t<\/div>\n\t\t\t\t<\/div>\n\t\t\t\t<div class=\"elementor-element elementor-element-b2c817c elementor-align-left elementor-list-item-link-full_width elementor-widget elementor-widget-icon-list\" data-id=\"b2c817c\" data-element_type=\"widget\" data-widget_type=\"icon-list.default\">\n\t\t\t\t\t\t\t<ul class=\"elementor-icon-list-items\">\n\t\t\t\t\t\t\t<li class=\"elementor-icon-list-item\">\n\t\t\t\t\t\t\t\t\t\t\t<span class=\"elementor-icon-list-icon\">\n\t\t\t\t\t\t\t<svg aria-hidden=\"true\" class=\"e-font-icon-svg e-fas-check-circle\" viewBox=\"0 0 512 512\" xmlns=\"http:\/\/www.w3.org\/2000\/svg\"><path d=\"M504 256c0 136.967-111.033 248-248 248S8 392.967 8 256 119.033 8 256 8s248 111.033 248 248zM227.314 387.314l184-184c6.248-6.248 6.248-16.379 0-22.627l-22.627-22.627c-6.248-6.249-16.379-6.249-22.628 0L216 308.118l-70.059-70.059c-6.248-6.248-16.379-6.248-22.628 0l-22.627 22.627c-6.248 6.248-6.248 16.379 0 22.627l104 104c6.249 6.249 16.379 6.249 22.628.001z\"><\/path><\/svg>\t\t\t\t\t\t<\/span>\n\t\t\t\t\t\t\t\t\t\t<span class=\"elementor-icon-list-text\">Za svakih 10 \u20ac \u2013 1 bod<\/span>\n\t\t\t\t\t\t\t\t\t<\/li>\n\t\t\t\t\t\t\t\t<li class=\"elementor-icon-list-item\">\n\t\t\t\t\t\t\t\t\t\t\t<span class=\"elementor-icon-list-icon\">\n\t\t\t\t\t\t\t<svg aria-hidden=\"true\" class=\"e-font-icon-svg e-fas-check-circle\" viewBox=\"0 0 512 512\" xmlns=\"http:\/\/www.w3.org\/2000\/svg\"><path d=\"M504 256c0 136.967-111.033 248-248 248S8 392.967 8 256 119.033 8 256 8s248 111.033 248 248zM227.314 387.314l184-184c6.248-6.248 6.248-16.379 0-22.627l-22.627-22.627c-6.248-6.249-16.379-6.249-22.628 0L216 308.118l-70.059-70.059c-6.248-6.248-16.379-6.248-22.628 0l-22.627 22.627c-6.248 6.248-6.248 16.379 0 22.627l104 104c6.249 6.249 16.379 6.249 22.628.001z\"><\/path><\/svg>\t\t\t\t\t\t<\/span>\n\t\t\t\t\t\t\t\t\t\t<span class=\"elementor-icon-list-text\">Ve\u0107 od 200 bodova \u2013 popust 15%<\/span>\n\t\t\t\t\t\t\t\t\t<\/li>\n\t\t\t\t\t\t\t\t<li class=\"elementor-icon-list-item\">\n\t\t\t\t\t\t\t\t\t\t\t<span class=\"elementor-icon-list-icon\">\n\t\t\t\t\t\t\t<svg aria-hidden=\"true\" class=\"e-font-icon-svg e-fas-check-circle\" viewBox=\"0 0 512 512\" xmlns=\"http:\/\/www.w3.org\/2000\/svg\"><path d=\"M504 256c0 136.967-111.033 248-248 248S8 392.967 8 256 119.033 8 256 8s248 111.033 248 248zM227.314 387.314l184-184c6.248-6.248 6.248-16.379 0-22.627l-22.627-22.627c-6.248-6.249-16.379-6.249-22.628 0L216 308.118l-70.059-70.059c-6.248-6.248-16.379-6.248-22.628 0l-22.627 22.627c-6.248 6.248-6.248 16.379 0 22.627l104 104c6.249 6.249 16.379 6.249 22.628.001z\"><\/path><\/svg>\t\t\t\t\t\t<\/span>\n\t\t\t\t\t\t\t\t\t\t<span class=\"elementor-icon-list-text\">Ekskluzivan pristup novitetima, limitiranim izdanjima i privatnim ponudama<\/span>\n\t\t\t\t\t\t\t\t\t<\/li>\n\t\t\t\t\t\t\t\t<li class=\"elementor-icon-list-item\">\n\t\t\t\t\t\t\t\t\t\t\t<span class=\"elementor-icon-list-icon\">\n\t\t\t\t\t\t\t<svg aria-hidden=\"true\" class=\"e-font-icon-svg e-fas-check-circle\" viewBox=\"0 0 512 512\" xmlns=\"http:\/\/www.w3.org\/2000\/svg\"><path d=\"M504 256c0 136.967-111.033 248-248 248S8 392.967 8 256 119.033 8 256 8s248 111.033 248 248zM227.314 387.314l184-184c6.248-6.248 6.248-16.379 0-22.627l-22.627-22.627c-6.248-6.249-16.379-6.249-22.628 0L216 308.118l-70.059-70.059c-6.248-6.248-16.379-6.248-22.628 0l-22.627 22.627c-6.248 6.248-6.248 16.379 0 22.627l104 104c6.249 6.249 16.379 6.249 22.628.001z\"><\/path><\/svg>\t\t\t\t\t\t<\/span>\n\t\t\t\t\t\t\t\t\t\t<span class=\"elementor-icon-list-text\">Va\u0161a osobna CAMELOT kartica<\/span>\n\t\t\t\t\t\t\t\t\t<\/li>\n\t\t\t\t\t\t<\/ul>\n\t\t\t\t\t\t<\/div>\n\t\t\t\t<\/div>\n\t\t<div class=\"elementor-element elementor-element-7dba6bc e-con-full e-flex e-con e-child\" data-id=\"7dba6bc\" data-element_type=\"container\">\n\t\t\t\t<div class=\"elementor-element elementor-element-1d4f9c8 elementor-widget elementor-widget-wd_image_or_svg\" data-id=\"1d4f9c8\" data-element_type=\"widget\" data-widget_type=\"wd_image_or_svg.default\">\n\t\t\t\t<div class=\"elementor-widget-container\">\n\t\t\t\t\t\n\t\t<div class=\"wd-image text-left\">\n\t\t\t\t\t\t\t\t<img fetchpriority=\"high\" decoding=\"async\" width=\"1500\" height=\"980\" src=\"https:\/\/havana-cigar-shop.com\/wp-content\/uploads\/2025\/10\/Loyalty-1.webp\" class=\"attachment-full size-full\" alt=\"\" srcset=\"https:\/\/havana-cigar-shop.com\/wp-content\/uploads\/2025\/10\/Loyalty-1.webp 1500w, https:\/\/havana-cigar-shop.com\/wp-content\/uploads\/2025\/10\/Loyalty-1-400x261.webp 400w, https:\/\/havana-cigar-shop.com\/wp-content\/uploads\/2025\/10\/Loyalty-1-1224x800.webp 1224w, https:\/\/havana-cigar-shop.com\/wp-content\/uploads\/2025\/10\/Loyalty-1-768x502.webp 768w, https:\/\/havana-cigar-shop.com\/wp-content\/uploads\/2025\/10\/Loyalty-1-430x281.webp 430w, https:\/\/havana-cigar-shop.com\/wp-content\/uploads\/2025\/10\/Loyalty-1-700x457.webp 700w, https:\/\/havana-cigar-shop.com\/wp-content\/uploads\/2025\/10\/Loyalty-1-150x98.webp 150w, https:\/\/havana-cigar-shop.com\/wp-content\/uploads\/2025\/10\/Loyalty-1-64x42.webp 64w\" sizes=\"(max-width: 1500px) 100vw, 1500px\" loading=\"eager\" \/>\t\t\t\t\t<\/div>\n\n\t\t\t\t\t\t<\/div>\n\t\t\t\t<\/div>\n\t\t\t\t<\/div>\n\t\t\t\t\t<\/div>\n\t\t\t\t<\/div>\n\t\t\t\t<\/div>\n\t\t","protected":false},"excerpt":{"rendered":"<p>Camelot loyalty Ne\u0161to nije za svakoga &#8211; nagradni program osmi\u0161ljen za one koji se uvijek vra\u0107aju s razlogom. O programu<\/p>","protected":false},"author":1,"featured_media":0,"parent":0,"menu_order":0,"comment_status":"closed","ping_status":"closed","template":"","meta":{"_acf_changed":false,"footnotes":""},"class_list":["post-3709","page","type-page","status-publish","hentry"],"acf":[],"yoast_head":"<!-- This site is optimized with the Yoast SEO plugin v26.6 - https:\/\/yoast.com\/wordpress\/plugins\/seo\/ -->\n<title>Camelot Loyalty Program &#8211; Havana shop<\/title>\n<meta name=\"description\" content=\"Camelot Loyalty program \u2013 postani \u010dlan i u\u017eivaj u ekskluzivnim pogodnostima, nagradama i posebnim ponudama.\" \/>\n<meta name=\"robots\" content=\"index, follow, max-snippet:-1, max-image-preview:large, max-video-preview:-1\" \/>\n<link rel=\"canonical\" href=\"https:\/\/havana-cigar-shop.com\/en\/loyalty\/\" \/>\n<meta property=\"og:locale\" content=\"en_US\" \/>\n<meta property=\"og:type\" content=\"article\" \/>\n<meta property=\"og:title\" content=\"Camelot Loyalty Program &#8211; Havana shop\" \/>\n<meta property=\"og:description\" content=\"Camelot Loyalty program \u2013 postani \u010dlan i u\u017eivaj u ekskluzivnim pogodnostima, nagradama i posebnim ponudama.\" \/>\n<meta property=\"og:url\" content=\"https:\/\/havana-cigar-shop.com\/en\/loyalty\/\" \/>\n<meta property=\"og:site_name\" content=\"Havana shop\" \/>\n<meta property=\"article:publisher\" content=\"https:\/\/www.facebook.com\/havana.cigar.shop\" \/>\n<meta property=\"article:modified_time\" content=\"2025-11-05T10:28:27+00:00\" \/>\n<meta property=\"og:image\" content=\"http:\/\/havana-cigar-shop.com\/wp-content\/uploads\/2025\/10\/Loyalty-1.webp\" \/>\n<meta name=\"twitter:card\" content=\"summary_large_image\" \/>\n<meta name=\"twitter:label1\" content=\"Est. reading time\" \/>\n\t<meta name=\"twitter:data1\" content=\"1 minute\" \/>\n<script type=\"application\/ld+json\" class=\"yoast-schema-graph\">{\"@context\":\"https:\/\/schema.org\",\"@graph\":[{\"@type\":\"WebPage\",\"@id\":\"https:\/\/havana-cigar-shop.com\/loyalty\/\",\"url\":\"https:\/\/havana-cigar-shop.com\/loyalty\/\",\"name\":\"Camelot Loyalty Program &#8211; Havana shop\",\"isPartOf\":{\"@id\":\"https:\/\/havana-cigar-shop.com\/#website\"},\"primaryImageOfPage\":{\"@id\":\"https:\/\/havana-cigar-shop.com\/loyalty\/#primaryimage\"},\"image\":{\"@id\":\"https:\/\/havana-cigar-shop.com\/loyalty\/#primaryimage\"},\"thumbnailUrl\":\"http:\/\/havana-cigar-shop.com\/wp-content\/uploads\/2025\/10\/Loyalty-1.webp\",\"datePublished\":\"2025-09-02T12:57:21+00:00\",\"dateModified\":\"2025-11-05T10:28:27+00:00\",\"description\":\"Camelot Loyalty program \u2013 postani \u010dlan i u\u017eivaj u ekskluzivnim pogodnostima, nagradama i posebnim ponudama.\",\"breadcrumb\":{\"@id\":\"https:\/\/havana-cigar-shop.com\/loyalty\/#breadcrumb\"},\"inLanguage\":\"en-US\",\"potentialAction\":[{\"@type\":\"ReadAction\",\"target\":[\"https:\/\/havana-cigar-shop.com\/loyalty\/\"]}]},{\"@type\":\"ImageObject\",\"inLanguage\":\"en-US\",\"@id\":\"https:\/\/havana-cigar-shop.com\/loyalty\/#primaryimage\",\"url\":\"http:\/\/havana-cigar-shop.com\/wp-content\/uploads\/2025\/10\/Loyalty-1.webp\",\"contentUrl\":\"http:\/\/havana-cigar-shop.com\/wp-content\/uploads\/2025\/10\/Loyalty-1.webp\"},{\"@type\":\"BreadcrumbList\",\"@id\":\"https:\/\/havana-cigar-shop.com\/loyalty\/#breadcrumb\",\"itemListElement\":[{\"@type\":\"ListItem\",\"position\":1,\"name\":\"Po\u010detna stranica\",\"item\":\"https:\/\/havana-cigar-shop.com\/\"},{\"@type\":\"ListItem\",\"position\":2,\"name\":\"Loyalty\"}]},{\"@type\":\"WebSite\",\"@id\":\"https:\/\/havana-cigar-shop.com\/#website\",\"url\":\"https:\/\/havana-cigar-shop.com\/\",\"name\":\"Havana Shop\",\"description\":\"Distributer cigara\",\"publisher\":{\"@id\":\"https:\/\/havana-cigar-shop.com\/#organization\"},\"potentialAction\":[{\"@type\":\"SearchAction\",\"target\":{\"@type\":\"EntryPoint\",\"urlTemplate\":\"https:\/\/havana-cigar-shop.com\/?s={search_term_string}\"},\"query-input\":{\"@type\":\"PropertyValueSpecification\",\"valueRequired\":true,\"valueName\":\"search_term_string\"}}],\"inLanguage\":\"en-US\"},{\"@type\":\"Organization\",\"@id\":\"https:\/\/havana-cigar-shop.com\/#organization\",\"name\":\"Havana Shop\",\"url\":\"https:\/\/havana-cigar-shop.com\/\",\"logo\":{\"@type\":\"ImageObject\",\"inLanguage\":\"en-US\",\"@id\":\"https:\/\/havana-cigar-shop.com\/#\/schema\/logo\/image\/\",\"url\":\"https:\/\/havana-cigar-shop.com\/wp-content\/uploads\/2025\/07\/havana-logo-web-1.png\",\"contentUrl\":\"https:\/\/havana-cigar-shop.com\/wp-content\/uploads\/2025\/07\/havana-logo-web-1.png\",\"width\":229,\"height\":229,\"caption\":\"Havana Shop\"},\"image\":{\"@id\":\"https:\/\/havana-cigar-shop.com\/#\/schema\/logo\/image\/\"},\"sameAs\":[\"https:\/\/www.facebook.com\/havana.cigar.shop\",\"https:\/\/www.instagram.com\/havanacigarshop\/\"]}]}<\/script>\n<!-- \/ Yoast SEO plugin. -->","yoast_head_json":{"title":"Camelot Loyalty Program \u2013 Havana shop","description":"Camelot Loyalty program - become a member and enjoy exclusive benefits, rewards and special offers.","robots":{"index":"index","follow":"follow","max-snippet":"max-snippet:-1","max-image-preview":"max-image-preview:large","max-video-preview":"max-video-preview:-1"},"canonical":"https:\/\/havana-cigar-shop.com\/en\/loyalty\/","og_locale":"en_US","og_type":"article","og_title":"Camelot Loyalty Program &#8211; Havana shop","og_description":"Camelot Loyalty program \u2013 postani \u010dlan i u\u017eivaj u ekskluzivnim pogodnostima, nagradama i posebnim ponudama.","og_url":"https:\/\/havana-cigar-shop.com\/en\/loyalty\/","og_site_name":"Havana shop","article_publisher":"https:\/\/www.facebook.com\/havana.cigar.shop","article_modified_time":"2025-11-05T10:28:27+00:00","og_image":[{"url":"http:\/\/havana-cigar-shop.com\/wp-content\/uploads\/2025\/10\/Loyalty-1.webp","type":"","width":"","height":""}],"twitter_card":"summary_large_image","twitter_misc":{"Est. reading time":"1 minute"},"schema":{"@context":"https:\/\/schema.org","@graph":[{"@type":"WebPage","@id":"https:\/\/havana-cigar-shop.com\/loyalty\/","url":"https:\/\/havana-cigar-shop.com\/loyalty\/","name":"Camelot Loyalty Program \u2013 Havana shop","isPartOf":{"@id":"https:\/\/havana-cigar-shop.com\/#website"},"primaryImageOfPage":{"@id":"https:\/\/havana-cigar-shop.com\/loyalty\/#primaryimage"},"image":{"@id":"https:\/\/havana-cigar-shop.com\/loyalty\/#primaryimage"},"thumbnailUrl":"http:\/\/havana-cigar-shop.com\/wp-content\/uploads\/2025\/10\/Loyalty-1.webp","datePublished":"2025-09-02T12:57:21+00:00","dateModified":"2025-11-05T10:28:27+00:00","description":"Camelot Loyalty program - become a member and enjoy exclusive benefits, rewards and special offers.","breadcrumb":{"@id":"https:\/\/havana-cigar-shop.com\/loyalty\/#breadcrumb"},"inLanguage":"en-US","potentialAction":[{"@type":"ReadAction","target":["https:\/\/havana-cigar-shop.com\/loyalty\/"]}]},{"@type":"ImageObject","inLanguage":"en-US","@id":"https:\/\/havana-cigar-shop.com\/loyalty\/#primaryimage","url":"http:\/\/havana-cigar-shop.com\/wp-content\/uploads\/2025\/10\/Loyalty-1.webp","contentUrl":"http:\/\/havana-cigar-shop.com\/wp-content\/uploads\/2025\/10\/Loyalty-1.webp"},{"@type":"BreadcrumbList","@id":"https:\/\/havana-cigar-shop.com\/loyalty\/#breadcrumb","itemListElement":[{"@type":"ListItem","position":1,"name":"Po\u010detna stranica","item":"https:\/\/havana-cigar-shop.com\/"},{"@type":"ListItem","position":2,"name":"Loyalty"}]},{"@type":"WebSite","@id":"https:\/\/havana-cigar-shop.com\/#website","url":"https:\/\/havana-cigar-shop.com\/","name":"Havana Shop","description":"Cigar distributor","publisher":{"@id":"https:\/\/havana-cigar-shop.com\/#organization"},"potentialAction":[{"@type":"SearchAction","target":{"@type":"EntryPoint","urlTemplate":"https:\/\/havana-cigar-shop.com\/?s={search_term_string}"},"query-input":{"@type":"PropertyValueSpecification","valueRequired":true,"valueName":"search_term_string"}}],"inLanguage":"en-US"},{"@type":"Organization","@id":"https:\/\/havana-cigar-shop.com\/#organization","name":"Havana Shop","url":"https:\/\/havana-cigar-shop.com\/","logo":{"@type":"ImageObject","inLanguage":"en-US","@id":"https:\/\/havana-cigar-shop.com\/#\/schema\/logo\/image\/","url":"https:\/\/havana-cigar-shop.com\/wp-content\/uploads\/2025\/07\/havana-logo-web-1.png","contentUrl":"https:\/\/havana-cigar-shop.com\/wp-content\/uploads\/2025\/07\/havana-logo-web-1.png","width":229,"height":229,"caption":"Havana Shop"},"image":{"@id":"https:\/\/havana-cigar-shop.com\/#\/schema\/logo\/image\/"},"sameAs":["https:\/\/www.facebook.com\/havana.cigar.shop","https:\/\/www.instagram.com\/havanacigarshop\/"]}]}},"_links":{"self":[{"href":"https:\/\/havana-cigar-shop.com\/en\/wp-json\/wp\/v2\/pages\/3709","targetHints":{"allow":["GET"]}}],"collection":[{"href":"https:\/\/havana-cigar-shop.com\/en\/wp-json\/wp\/v2\/pages"}],"about":[{"href":"https:\/\/havana-cigar-shop.com\/en\/wp-json\/wp\/v2\/types\/page"}],"author":[{"embeddable":true,"href":"https:\/\/havana-cigar-shop.com\/en\/wp-json\/wp\/v2\/users\/1"}],"replies":[{"embeddable":true,"href":"https:\/\/havana-cigar-shop.com\/en\/wp-json\/wp\/v2\/comments?post=3709"}],"version-history":[{"count":0,"href":"https:\/\/havana-cigar-shop.com\/en\/wp-json\/wp\/v2\/pages\/3709\/revisions"}],"wp:attachment":[{"href":"https:\/\/havana-cigar-shop.com\/en\/wp-json\/wp\/v2\/media?parent=3709"}],"curies":[{"name":"wp","href":"https:\/\/api.w.org\/{rel}","templated":true}]}}