{"id":3735,"date":"2025-09-02T15:24:40","date_gmt":"2025-09-02T13:24:40","guid":{"rendered":"http:\/\/havana-cigar-shop.com\/?page_id=3735"},"modified":"2026-02-24T11:13:11","modified_gmt":"2026-02-24T10:13:11","slug":"terms-of-service","status":"publish","type":"page","link":"https:\/\/havana-cigar-shop.com\/en\/uvjeti-poslovanja\/","title":{"rendered":"Terms of Business"},"content":{"rendered":"<div data-elementor-type=\"wp-page\" data-elementor-id=\"3735\" class=\"elementor elementor-3735\" data-elementor-post-type=\"page\">\n\t\t\t\t<div class=\"wd-negative-gap elementor-element elementor-element-6fe50ac wd-section-stretch color-scheme-light e-flex e-con-boxed e-con e-parent\" data-id=\"6fe50ac\" data-element_type=\"container\" data-settings=\"{&quot;background_background&quot;:&quot;classic&quot;}\">\n\t\t\t\t\t<div class=\"e-con-inner\">\n\t\t\t\t<div class=\"elementor-element elementor-element-36f377d wd-el-page-heading text-left elementor-widget elementor-widget-wd_page_heading\" data-id=\"36f377d\" data-element_type=\"widget\" data-widget_type=\"wd_page_heading.default\">\n\t\t\t\t<div class=\"elementor-widget-container\">\n\t\t\t\t\t<h2 class=\"entry-title title\">Terms of Business<\/h2>\t\t\t\t<\/div>\n\t\t\t\t<\/div>\n\t\t\t\t<div class=\"elementor-element elementor-element-65064c7 wd-el-breadcrumbs text-left elementor-widget elementor-widget-wd_element_breadcrumbs\" data-id=\"65064c7\" data-element_type=\"widget\" data-widget_type=\"wd_element_breadcrumbs.default\">\n\t\t\t\t<div class=\"elementor-widget-container\">\n\t\t\t\t\t\t\t\t<div class=\"yoast-breadcrumb\">\n\t\t\t\t<span><span><a href=\"https:\/\/havana-cigar-shop.com\/en\/\">Home page<\/a><\/span><\/span>\t\t\t<\/div>\n\t\t\t\t\t\t\t<\/div>\n\t\t\t\t<\/div>\n\t\t\t\t\t<\/div>\n\t\t\t\t<\/div>\n\t\t<div class=\"wd-negative-gap elementor-element elementor-element-2ac59e8 e-flex e-con-boxed e-con e-parent\" data-id=\"2ac59e8\" data-element_type=\"container\">\n\t\t\t\t\t<div class=\"e-con-inner\">\n\t\t\t\t<div class=\"elementor-element elementor-element-1f125f1 elementor-widget elementor-widget-heading\" data-id=\"1f125f1\" data-element_type=\"widget\" data-widget_type=\"heading.default\">\n\t\t\t\t\t<h2 class=\"elementor-heading-title elementor-size-default\">General Provisions<\/h2>\t\t\t\t<\/div>\n\t\t\t\t<div class=\"elementor-element elementor-element-e884457 color-scheme-inherit text-left elementor-widget elementor-widget-text-editor\" data-id=\"e884457\" data-element_type=\"widget\" data-widget_type=\"text-editor.default\">\n\t\t\t\t\t\t\t\t\t<p>On this Website, the company CAMELOT d.o.o., Zagreb, Frankopanska 22, OIB 29498303082 (hereinafter: Camelot) provides information society services to end users. The use of this Website by all end users is governed by these General Terms and Conditions, as well as the Privacy Policy and the Cookie Policy (\u201cTerms\u201d).<\/p><p>These Terms apply to every visit to and use of this Website, as well as to all information, content, and\/or services accessible on or through this Website (\u201cInformation\u201d).<\/p><p>The Terms form an integral part of all contractual relationships concluded between end users and CAMELOT as a result of using this Website and the services provided through it by CAMELOT. End users agree to the application of these Terms each time they use the services offered on this Website. Please read these Terms and the provisions contained herein carefully, and, if necessary, keep a copy for your records.<\/p><p>Please note that these Terms may change over time. Such changes will take effect immediately upon the publication of the updated Terms. All amendments and\/or additions will be published on this Website with an indication of the date of the last modification in their header, from which date the latest version of the Terms will apply. Users are advised to regularly review the Terms for any changes. If you do not agree with the provisions of the Terms, do not use this Website or the services provided through it. Continued use of the Website by users after notification of changes will be considered acceptance of the published amendments. CAMELOT hereby excludes any liability for any damage caused to users, registered users, or third parties due to a user\u2019s failure to familiarize themselves with such changes.<\/p><p>Each of these Terms provisions is considered a separate provision and, as such, has independent effect. If any individual provision or provisions of these Terms are declared invalid, the invalidity of those provisions shall not affect the remaining provisions, and the Terms shall remain in force in the remaining part.<\/p><p>These Terms (as well as all content on the Website) are available only in Croatian, and Croatian law shall apply. Any ambiguities or disputes arising from the use of the Website or related to its use shall first be attempted to be resolved amicably between CAMELOT and the users. If such an amicable resolution is not possible, the dispute shall be resolved by the courts of the Republic of Croatia.<\/p><p>End users are solely responsible for their use of the Website, as well as for maintaining the confidentiality of passwords and other user data used to access the Website. End users are solely responsible for providing and maintaining the equipment they use to access the Website.<\/p><p>By accepting these Terms, users declare that their actions and\/or use of the Website will not restrict or prevent other users from using it and that they will not act in a manner contrary to the laws of the Republic of Croatia. This particularly applies to using the Website in a way that could harm CAMELOT and\/or infringe the rights of third parties. If a user acts in such a manner, CAMELOT reserves the right to restrict or terminate the end user\u2019s access to the Website, and the end user agrees to indemnify CAMELOT and its representatives or affiliated companies.\n\nFor the purpose of enforcing this obligation, CAMELOT may monitor content on the Website and remove any content it deems contrary to the Terms or applicable Croatian laws. However, CAMELOT is not responsible to end users for the behavior of other users on the Website or for any content posted in this manner.\n\nEnd users are aware that during the operation of this Website, there may be periods of unavailability of content and\/or services provided through it. Such unavailability may be caused by events beyond CAMELOT\u2019s control, and CAMELOT cannot be held liable for any damage, loss, or harm suffered by end users as a result of such events. Neither CAMELOT, nor its representatives or affiliated companies, shall be liable for any damage to users and\/or third parties arising from the use of or inability to use the Website.\n\nThe Website may also contain third-party content, which CAMELOT does not control, does not guarantee for completeness, accuracy, or truthfulness, and is not responsible for.<\/p><p>This Website and its content may be protected by applicable intellectual property rights, such as copyright, trademark rights (i.e., registered marks or brands), industrial design rights, and others. The use of content available on the Website, including, for example, texts, photographs, images, drawings, logos, audio and\/or video recordings, applications, any other software, protected product names, and other materials (\u201cMaterials\u201d) is permitted solely for personal, non-commercial purposes and only in a manner consistent with the nature, subject matter, and purpose of this Website.\n\nReproducing (including copying, downloading, or similar), distributing (for example, selling, sharing, exchanging, renting, or similar), publicly communicating (for example, publishing on other websites or social media, or by other means), or modifying (including altering, adapting, or similar) the Materials without prior written permission from CAMELOT is prohibited. Violation of this prohibition may constitute an infringement of intellectual property rights, which may result, among other things, in liability for damages and\/or criminal or administrative liability.<\/p><p>CAMELOT processes the personal data of end users of this Website in accordance with Regulation (EU) 2016\/679 of the European Parliament and of the Council of 27 April 2016 on the protection of natural persons with regard to the processing of personal data and on the free movement of such data, and repealing Directive 95\/46\/EC (General Data Protection Regulation), as well as the Privacy Policy and Cookie Policy. Please make sure to read these Policies to understand how your personal data is processed in connection with the use of this Website, including specifically the provisions regarding cookies, and, in general, information on the legal bases and purposes of processing users\u2019 personal data, the categories of personal data we process, their recipients, retention periods, technical and organizational measures for data protection, and the rights you have regarding the processing of your personal data.<\/p>\t\t\t\t\t\t\t\t<\/div>\n\t\t\t\t<div class=\"elementor-element elementor-element-ded025d elementor-widget elementor-widget-heading\" data-id=\"ded025d\" data-element_type=\"widget\" data-widget_type=\"heading.default\">\n\t\t\t\t\t<h2 class=\"elementor-heading-title elementor-size-default\">Catalog<\/h2>\t\t\t\t<\/div>\n\t\t\t\t<div class=\"elementor-element elementor-element-ea330a4 color-scheme-inherit text-left elementor-widget elementor-widget-text-editor\" data-id=\"ea330a4\" data-element_type=\"widget\" data-widget_type=\"text-editor.default\">\n\t\t\t\t\t\t\t\t\t<p><span style=\"font-weight: 400;\">Access to the catalog is permitted only for registered users. A registered user must be an adult, i.e., a person who is at least 18 years old.<\/span><\/p><p><span style=\"font-weight: 400;\">User registration is carried out by completing a web form and submitting it to CAMELOT. Upon receipt, CAMELOT will verify the submitted information within one business day and, if the user meets the registration requirements, send the user a login code for the Catalog via email. When logging in, the registered user enters their username (email address) and the code provided by CAMELOT.<\/span><\/p><p><span style=\"font-weight: 400;\">Users are entitled at all times to appropriately modify their user data. CAMELOT will provide users, including during the registration process, with technical means to identify and correct incorrect data entries. However, users are obliged to verify the accuracy and correctness of the data they enter for registration purposes. CAMELOT will consider the submitted data as relevant and will fulfill its obligations under these Terms based on the provided information.<\/span><\/p><p><span style=\"font-weight: 400;\">During registration on the Website, CAMELOT will ask users whether they consent to receiving notifications at the email address they provided about special sales conditions, promotions, and discounts applicable on the Website. If the user consents and until the user withdraws their consent (which they are entitled to do at any time), their email address will be used to send commercial communications from CAMELOT. All such email messages received by the user will be clearly marked as commercial communications, with clear identification of CAMELOT as the sender and instructions on how the user can unsubscribe to stop receiving such emails.<\/span><\/p><p><span style=\"font-weight: 400;\">The catalog contains visual and textual representations of all cigars and other tobacco products from CAMELOT\u2019s assortment available in CAMELOT retail stores, as well as informational data on the available quantities and prices of these products.\u00a0<\/span><\/p><p><b>The catalog does not constitute an online store, as the remote sale of tobacco products is prohibited under the Act on Restricting the Use of Tobacco Products.<\/b><\/p><p><span style=\"font-weight: 400;\">A registered user can send CAMELOT an inquiry about the availability and\/or price of a specific tobacco product by selecting the product, specifying the desired quantity, and placing it in the so-called cart. Upon receiving the inquiry, CAMELOT will promptly send the interested customer an email with the requested information. The purchase and sale of tobacco products are conducted through CAMELOT retail stores.<\/span><\/p>\t\t\t\t\t\t\t\t<\/div>\n\t\t\t\t\t<\/div>\n\t\t\t\t<\/div>\n\t\t\t\t<\/div>","protected":false},"excerpt":{"rendered":"<p>Uvjeti poslovanja Po\u010detna stranica Op\u0107e odredbe Na ovom Mre\u017enom mjestu dru\u0161tvo CAMELOT d.o.o.Zagreb, Frankopanska 22, OIB 29498303082 (dalje u tekstu:<\/p>","protected":false},"author":1,"featured_media":0,"parent":0,"menu_order":0,"comment_status":"closed","ping_status":"closed","template":"","meta":{"_acf_changed":false,"footnotes":""},"class_list":["post-3735","page","type-page","status-publish","hentry"],"acf":[],"yoast_head":"<!-- This site is optimized with the Yoast SEO plugin v26.6 - https:\/\/yoast.com\/wordpress\/plugins\/seo\/ -->\n<title>Uvjeti poslovanja &#8211; Havana shop<\/title>\n<meta name=\"description\" content=\"Uvjeti poslovanja Havana Shop \u2013 saznaj sve o pravilima kupnje, isporuci, povratu i sigurnom pla\u0107anju.\" \/>\n<meta name=\"robots\" content=\"noindex, nofollow\" \/>\n<meta property=\"og:locale\" content=\"en_US\" \/>\n<meta property=\"og:type\" content=\"article\" \/>\n<meta property=\"og:title\" content=\"Uvjeti poslovanja &#8211; Havana shop\" \/>\n<meta property=\"og:description\" content=\"Uvjeti poslovanja Havana Shop \u2013 saznaj sve o pravilima kupnje, isporuci, povratu i sigurnom pla\u0107anju.\" \/>\n<meta property=\"og:url\" content=\"https:\/\/havana-cigar-shop.com\/en\/terms-of-service\/\" \/>\n<meta property=\"og:site_name\" content=\"Havana shop\" \/>\n<meta property=\"article:publisher\" content=\"https:\/\/www.facebook.com\/havana.cigar.shop\" \/>\n<meta property=\"article:modified_time\" content=\"2026-02-24T10:13:11+00:00\" \/>\n<meta property=\"og:image\" content=\"https:\/\/havana-cigar-shop.com\/wp-content\/uploads\/2025\/11\/site-image-havana-shop.webp\" \/>\n\t<meta property=\"og:image:width\" content=\"1200\" \/>\n\t<meta property=\"og:image:height\" content=\"675\" \/>\n\t<meta property=\"og:image:type\" content=\"image\/webp\" \/>\n<meta name=\"twitter:card\" content=\"summary_large_image\" \/>\n<meta name=\"twitter:label1\" content=\"Est. reading time\" \/>\n\t<meta name=\"twitter:data1\" content=\"1 minute\" \/>\n<script type=\"application\/ld+json\" class=\"yoast-schema-graph\">{\"@context\":\"https:\/\/schema.org\",\"@graph\":[{\"@type\":\"WebPage\",\"@id\":\"https:\/\/havana-cigar-shop.com\/uvjeti-poslovanja\/\",\"url\":\"https:\/\/havana-cigar-shop.com\/uvjeti-poslovanja\/\",\"name\":\"Uvjeti poslovanja &#8211; Havana shop\",\"isPartOf\":{\"@id\":\"https:\/\/havana-cigar-shop.com\/#website\"},\"datePublished\":\"2025-09-02T13:24:40+00:00\",\"dateModified\":\"2026-02-24T10:13:11+00:00\",\"description\":\"Uvjeti poslovanja Havana Shop \u2013 saznaj sve o pravilima kupnje, isporuci, povratu i sigurnom pla\u0107anju.\",\"breadcrumb\":{\"@id\":\"https:\/\/havana-cigar-shop.com\/uvjeti-poslovanja\/#breadcrumb\"},\"inLanguage\":\"en-US\",\"potentialAction\":[{\"@type\":\"ReadAction\",\"target\":[\"https:\/\/havana-cigar-shop.com\/uvjeti-poslovanja\/\"]}]},{\"@type\":\"BreadcrumbList\",\"@id\":\"https:\/\/havana-cigar-shop.com\/uvjeti-poslovanja\/#breadcrumb\",\"itemListElement\":[{\"@type\":\"ListItem\",\"position\":1,\"name\":\"Po\u010detna stranica\",\"item\":\"https:\/\/havana-cigar-shop.com\/\"},{\"@type\":\"ListItem\",\"position\":2,\"name\":\"Uvjeti poslovanja\"}]},{\"@type\":\"WebSite\",\"@id\":\"https:\/\/havana-cigar-shop.com\/#website\",\"url\":\"https:\/\/havana-cigar-shop.com\/\",\"name\":\"Havana Shop\",\"description\":\"Distributer cigara\",\"publisher\":{\"@id\":\"https:\/\/havana-cigar-shop.com\/#organization\"},\"potentialAction\":[{\"@type\":\"SearchAction\",\"target\":{\"@type\":\"EntryPoint\",\"urlTemplate\":\"https:\/\/havana-cigar-shop.com\/?s={search_term_string}\"},\"query-input\":{\"@type\":\"PropertyValueSpecification\",\"valueRequired\":true,\"valueName\":\"search_term_string\"}}],\"inLanguage\":\"en-US\"},{\"@type\":\"Organization\",\"@id\":\"https:\/\/havana-cigar-shop.com\/#organization\",\"name\":\"Havana Shop\",\"url\":\"https:\/\/havana-cigar-shop.com\/\",\"logo\":{\"@type\":\"ImageObject\",\"inLanguage\":\"en-US\",\"@id\":\"https:\/\/havana-cigar-shop.com\/#\/schema\/logo\/image\/\",\"url\":\"https:\/\/havana-cigar-shop.com\/wp-content\/uploads\/2025\/07\/havana-logo-web-1.png\",\"contentUrl\":\"https:\/\/havana-cigar-shop.com\/wp-content\/uploads\/2025\/07\/havana-logo-web-1.png\",\"width\":229,\"height\":229,\"caption\":\"Havana Shop\"},\"image\":{\"@id\":\"https:\/\/havana-cigar-shop.com\/#\/schema\/logo\/image\/\"},\"sameAs\":[\"https:\/\/www.facebook.com\/havana.cigar.shop\",\"https:\/\/www.instagram.com\/havanacigarshop\/\"]}]}<\/script>\n<!-- \/ Yoast SEO plugin. -->","yoast_head_json":{"title":"Terms and conditions \u2013 Havana shop","description":"Havana Shop Terms and Conditions - find out everything about purchase rules, delivery, returns and secure payment.","robots":{"index":"noindex","follow":"nofollow"},"og_locale":"en_US","og_type":"article","og_title":"Uvjeti poslovanja &#8211; Havana shop","og_description":"Uvjeti poslovanja Havana Shop \u2013 saznaj sve o pravilima kupnje, isporuci, povratu i sigurnom pla\u0107anju.","og_url":"https:\/\/havana-cigar-shop.com\/en\/terms-of-service\/","og_site_name":"Havana shop","article_publisher":"https:\/\/www.facebook.com\/havana.cigar.shop","article_modified_time":"2026-02-24T10:13:11+00:00","og_image":[{"width":1200,"height":675,"url":"https:\/\/havana-cigar-shop.com\/wp-content\/uploads\/2025\/11\/site-image-havana-shop.webp","type":"image\/webp"}],"twitter_card":"summary_large_image","twitter_misc":{"Est. reading time":"1 minute"},"schema":{"@context":"https:\/\/schema.org","@graph":[{"@type":"WebPage","@id":"https:\/\/havana-cigar-shop.com\/uvjeti-poslovanja\/","url":"https:\/\/havana-cigar-shop.com\/uvjeti-poslovanja\/","name":"Terms and conditions \u2013 Havana shop","isPartOf":{"@id":"https:\/\/havana-cigar-shop.com\/#website"},"datePublished":"2025-09-02T13:24:40+00:00","dateModified":"2026-02-24T10:13:11+00:00","description":"Havana Shop Terms and Conditions - find out everything about purchase rules, delivery, returns and secure payment.","breadcrumb":{"@id":"https:\/\/havana-cigar-shop.com\/uvjeti-poslovanja\/#breadcrumb"},"inLanguage":"en-US","potentialAction":[{"@type":"ReadAction","target":["https:\/\/havana-cigar-shop.com\/uvjeti-poslovanja\/"]}]},{"@type":"BreadcrumbList","@id":"https:\/\/havana-cigar-shop.com\/uvjeti-poslovanja\/#breadcrumb","itemListElement":[{"@type":"ListItem","position":1,"name":"Po\u010detna stranica","item":"https:\/\/havana-cigar-shop.com\/"},{"@type":"ListItem","position":2,"name":"Uvjeti poslovanja"}]},{"@type":"WebSite","@id":"https:\/\/havana-cigar-shop.com\/#website","url":"https:\/\/havana-cigar-shop.com\/","name":"Havana Shop","description":"Cigar distributor","publisher":{"@id":"https:\/\/havana-cigar-shop.com\/#organization"},"potentialAction":[{"@type":"SearchAction","target":{"@type":"EntryPoint","urlTemplate":"https:\/\/havana-cigar-shop.com\/?s={search_term_string}"},"query-input":{"@type":"PropertyValueSpecification","valueRequired":true,"valueName":"search_term_string"}}],"inLanguage":"en-US"},{"@type":"Organization","@id":"https:\/\/havana-cigar-shop.com\/#organization","name":"Havana Shop","url":"https:\/\/havana-cigar-shop.com\/","logo":{"@type":"ImageObject","inLanguage":"en-US","@id":"https:\/\/havana-cigar-shop.com\/#\/schema\/logo\/image\/","url":"https:\/\/havana-cigar-shop.com\/wp-content\/uploads\/2025\/07\/havana-logo-web-1.png","contentUrl":"https:\/\/havana-cigar-shop.com\/wp-content\/uploads\/2025\/07\/havana-logo-web-1.png","width":229,"height":229,"caption":"Havana Shop"},"image":{"@id":"https:\/\/havana-cigar-shop.com\/#\/schema\/logo\/image\/"},"sameAs":["https:\/\/www.facebook.com\/havana.cigar.shop","https:\/\/www.instagram.com\/havanacigarshop\/"]}]}},"_links":{"self":[{"href":"https:\/\/havana-cigar-shop.com\/en\/wp-json\/wp\/v2\/pages\/3735","targetHints":{"allow":["GET"]}}],"collection":[{"href":"https:\/\/havana-cigar-shop.com\/en\/wp-json\/wp\/v2\/pages"}],"about":[{"href":"https:\/\/havana-cigar-shop.com\/en\/wp-json\/wp\/v2\/types\/page"}],"author":[{"embeddable":true,"href":"https:\/\/havana-cigar-shop.com\/en\/wp-json\/wp\/v2\/users\/1"}],"replies":[{"embeddable":true,"href":"https:\/\/havana-cigar-shop.com\/en\/wp-json\/wp\/v2\/comments?post=3735"}],"version-history":[{"count":6,"href":"https:\/\/havana-cigar-shop.com\/en\/wp-json\/wp\/v2\/pages\/3735\/revisions"}],"predecessor-version":[{"id":22350,"href":"https:\/\/havana-cigar-shop.com\/en\/wp-json\/wp\/v2\/pages\/3735\/revisions\/22350"}],"wp:attachment":[{"href":"https:\/\/havana-cigar-shop.com\/en\/wp-json\/wp\/v2\/media?parent=3735"}],"curies":[{"name":"wp","href":"https:\/\/api.w.org\/{rel}","templated":true}]}}