{"id":8670,"date":"2025-11-04T09:02:03","date_gmt":"2025-11-04T08:02:03","guid":{"rendered":"http:\/\/havana-cigar-shop.com\/?page_id=8670"},"modified":"2026-02-24T11:27:21","modified_gmt":"2026-02-24T10:27:21","slug":"age-verification-terms","status":"publish","type":"page","link":"https:\/\/havana-cigar-shop.com\/en\/uvjeti-potvrde-dobi\/","title":{"rendered":"Age verification requirements"},"content":{"rendered":"<h3 class=\"wp-block-heading\">Age Verification and Access Conditions<\/h3>\n\n\n\n<p>According to the Act on Restricting the Use of Tobacco and Related Products (\u201cOfficial Gazette\u201d Nos. 125\/19, 114\/22), the sale and provision of tobacco and related products to persons under the age of 18 is prohibited.<br>This website contains information and product offerings intended exclusively for adults.<\/p>\n\n\n\n<p>To comply with legal regulations and protect minors, access to the website\u2019s content is permitted only for registered and approved users.<\/p>\n\n\n\n<h4 class=\"wp-block-heading\">Website Access Procedure<\/h4>\n\n\n\n<ol class=\"wp-block-list\">\n<li>Registration \u2013 during registration, it is necessary to enter the correct date of birth.<br>If the system determines that you are under 18 years old, registration will not be possible.<\/li>\n\n\n\n<li>Verification and Approval \u2013 after successful registration, your application will be reviewed by an administrator.<br>Only users whose registrations have been approved may access the content and view the products.<\/li>\n\n\n\n<li>Responsible Use \u2013 this website does not encourage the consumption of tobacco products.<br>All products and information are intended solely for informational and business purposes and are meant for adult users.<\/li>\n<\/ol>\n\n\n\n<h4 class=\"wp-block-heading\">Legal Notice<\/h4>\n\n\n\n<p>The website operator implements measures to protect minors in accordance with Croatian law and reserves the right to refuse or terminate a user account if it is determined that incorrect age information was provided during registration. Providing inaccurate personal information, including date of birth, is considered a violation of the rules for using this website.<\/p>","protected":false},"excerpt":{"rendered":"<p>Dobna potvrda i uvjeti pristupa Prema Zakonu o ograni\u010davanju uporabe duhanskih i srodnih proizvoda (\u201eNarodne novine\u201c br. 125\/19, 114\/22), zabranjena<\/p>","protected":false},"author":1,"featured_media":0,"parent":0,"menu_order":0,"comment_status":"closed","ping_status":"closed","template":"","meta":{"_acf_changed":false,"footnotes":""},"class_list":["post-8670","page","type-page","status-publish","hentry"],"acf":[],"yoast_head":"<!-- This site is optimized with the Yoast SEO plugin v26.6 - https:\/\/yoast.com\/wordpress\/plugins\/seo\/ -->\n<title>Uvjeti potvrde dobi &#8211; Havana shop<\/title>\n<meta name=\"description\" content=\"Potvrda punoljetnosti cigare \u2013 pristup sadr\u017eaju i kupnji mogu\u0107 je isklju\u010divo osobama starijim od 18 godina.\" \/>\n<meta name=\"robots\" content=\"noindex, nofollow\" \/>\n<meta property=\"og:locale\" content=\"en_US\" \/>\n<meta property=\"og:type\" content=\"article\" \/>\n<meta property=\"og:title\" content=\"Uvjeti potvrde dobi &#8211; Havana shop\" \/>\n<meta property=\"og:description\" content=\"Potvrda punoljetnosti cigare \u2013 pristup sadr\u017eaju i kupnji mogu\u0107 je isklju\u010divo osobama starijim od 18 godina.\" \/>\n<meta property=\"og:url\" content=\"https:\/\/havana-cigar-shop.com\/en\/age-verification-terms\/\" \/>\n<meta property=\"og:site_name\" content=\"Havana shop\" \/>\n<meta property=\"article:publisher\" content=\"https:\/\/www.facebook.com\/havana.cigar.shop\" \/>\n<meta property=\"article:modified_time\" content=\"2026-02-24T10:27:21+00:00\" \/>\n<meta property=\"og:image\" content=\"https:\/\/havana-cigar-shop.com\/wp-content\/uploads\/2025\/11\/site-image-havana-shop.webp\" \/>\n\t<meta property=\"og:image:width\" content=\"1200\" \/>\n\t<meta property=\"og:image:height\" content=\"675\" \/>\n\t<meta property=\"og:image:type\" content=\"image\/webp\" \/>\n<meta name=\"twitter:card\" content=\"summary_large_image\" \/>\n<meta name=\"twitter:label1\" content=\"Est. reading time\" \/>\n\t<meta name=\"twitter:data1\" content=\"1 minute\" \/>\n<script type=\"application\/ld+json\" class=\"yoast-schema-graph\">{\"@context\":\"https:\/\/schema.org\",\"@graph\":[{\"@type\":\"WebPage\",\"@id\":\"https:\/\/havana-cigar-shop.com\/uvjeti-potvrde-dobi\/\",\"url\":\"https:\/\/havana-cigar-shop.com\/uvjeti-potvrde-dobi\/\",\"name\":\"Uvjeti potvrde dobi &#8211; Havana shop\",\"isPartOf\":{\"@id\":\"https:\/\/havana-cigar-shop.com\/#website\"},\"datePublished\":\"2025-11-04T08:02:03+00:00\",\"dateModified\":\"2026-02-24T10:27:21+00:00\",\"description\":\"Potvrda punoljetnosti cigare \u2013 pristup sadr\u017eaju i kupnji mogu\u0107 je isklju\u010divo osobama starijim od 18 godina.\",\"breadcrumb\":{\"@id\":\"https:\/\/havana-cigar-shop.com\/uvjeti-potvrde-dobi\/#breadcrumb\"},\"inLanguage\":\"en-US\",\"potentialAction\":[{\"@type\":\"ReadAction\",\"target\":[\"https:\/\/havana-cigar-shop.com\/uvjeti-potvrde-dobi\/\"]}]},{\"@type\":\"BreadcrumbList\",\"@id\":\"https:\/\/havana-cigar-shop.com\/uvjeti-potvrde-dobi\/#breadcrumb\",\"itemListElement\":[{\"@type\":\"ListItem\",\"position\":1,\"name\":\"Po\u010detna stranica\",\"item\":\"https:\/\/havana-cigar-shop.com\/\"},{\"@type\":\"ListItem\",\"position\":2,\"name\":\"Uvjeti potvrde dobi\"}]},{\"@type\":\"WebSite\",\"@id\":\"https:\/\/havana-cigar-shop.com\/#website\",\"url\":\"https:\/\/havana-cigar-shop.com\/\",\"name\":\"Havana Shop\",\"description\":\"Distributer cigara\",\"publisher\":{\"@id\":\"https:\/\/havana-cigar-shop.com\/#organization\"},\"potentialAction\":[{\"@type\":\"SearchAction\",\"target\":{\"@type\":\"EntryPoint\",\"urlTemplate\":\"https:\/\/havana-cigar-shop.com\/?s={search_term_string}\"},\"query-input\":{\"@type\":\"PropertyValueSpecification\",\"valueRequired\":true,\"valueName\":\"search_term_string\"}}],\"inLanguage\":\"en-US\"},{\"@type\":\"Organization\",\"@id\":\"https:\/\/havana-cigar-shop.com\/#organization\",\"name\":\"Havana Shop\",\"url\":\"https:\/\/havana-cigar-shop.com\/\",\"logo\":{\"@type\":\"ImageObject\",\"inLanguage\":\"en-US\",\"@id\":\"https:\/\/havana-cigar-shop.com\/#\/schema\/logo\/image\/\",\"url\":\"https:\/\/havana-cigar-shop.com\/wp-content\/uploads\/2025\/07\/havana-logo-web-1.png\",\"contentUrl\":\"https:\/\/havana-cigar-shop.com\/wp-content\/uploads\/2025\/07\/havana-logo-web-1.png\",\"width\":229,\"height\":229,\"caption\":\"Havana Shop\"},\"image\":{\"@id\":\"https:\/\/havana-cigar-shop.com\/#\/schema\/logo\/image\/\"},\"sameAs\":[\"https:\/\/www.facebook.com\/havana.cigar.shop\",\"https:\/\/www.instagram.com\/havanacigarshop\/\"]}]}<\/script>\n<!-- \/ Yoast SEO plugin. -->","yoast_head_json":{"title":"Age verification requirements \u2013 Havana shop","description":"Cigar age confirmation \u2013 access to content and purchase is only possible for persons over 18 years of age.","robots":{"index":"noindex","follow":"nofollow"},"og_locale":"en_US","og_type":"article","og_title":"Uvjeti potvrde dobi &#8211; Havana shop","og_description":"Potvrda punoljetnosti cigare \u2013 pristup sadr\u017eaju i kupnji mogu\u0107 je isklju\u010divo osobama starijim od 18 godina.","og_url":"https:\/\/havana-cigar-shop.com\/en\/age-verification-terms\/","og_site_name":"Havana shop","article_publisher":"https:\/\/www.facebook.com\/havana.cigar.shop","article_modified_time":"2026-02-24T10:27:21+00:00","og_image":[{"width":1200,"height":675,"url":"https:\/\/havana-cigar-shop.com\/wp-content\/uploads\/2025\/11\/site-image-havana-shop.webp","type":"image\/webp"}],"twitter_card":"summary_large_image","twitter_misc":{"Est. reading time":"1 minute"},"schema":{"@context":"https:\/\/schema.org","@graph":[{"@type":"WebPage","@id":"https:\/\/havana-cigar-shop.com\/uvjeti-potvrde-dobi\/","url":"https:\/\/havana-cigar-shop.com\/uvjeti-potvrde-dobi\/","name":"Age verification requirements \u2013 Havana shop","isPartOf":{"@id":"https:\/\/havana-cigar-shop.com\/#website"},"datePublished":"2025-11-04T08:02:03+00:00","dateModified":"2026-02-24T10:27:21+00:00","description":"Cigar age confirmation \u2013 access to content and purchase is only possible for persons over 18 years of age.","breadcrumb":{"@id":"https:\/\/havana-cigar-shop.com\/uvjeti-potvrde-dobi\/#breadcrumb"},"inLanguage":"en-US","potentialAction":[{"@type":"ReadAction","target":["https:\/\/havana-cigar-shop.com\/uvjeti-potvrde-dobi\/"]}]},{"@type":"BreadcrumbList","@id":"https:\/\/havana-cigar-shop.com\/uvjeti-potvrde-dobi\/#breadcrumb","itemListElement":[{"@type":"ListItem","position":1,"name":"Po\u010detna stranica","item":"https:\/\/havana-cigar-shop.com\/"},{"@type":"ListItem","position":2,"name":"Uvjeti potvrde dobi"}]},{"@type":"WebSite","@id":"https:\/\/havana-cigar-shop.com\/#website","url":"https:\/\/havana-cigar-shop.com\/","name":"Havana Shop","description":"Cigar distributor","publisher":{"@id":"https:\/\/havana-cigar-shop.com\/#organization"},"potentialAction":[{"@type":"SearchAction","target":{"@type":"EntryPoint","urlTemplate":"https:\/\/havana-cigar-shop.com\/?s={search_term_string}"},"query-input":{"@type":"PropertyValueSpecification","valueRequired":true,"valueName":"search_term_string"}}],"inLanguage":"en-US"},{"@type":"Organization","@id":"https:\/\/havana-cigar-shop.com\/#organization","name":"Havana Shop","url":"https:\/\/havana-cigar-shop.com\/","logo":{"@type":"ImageObject","inLanguage":"en-US","@id":"https:\/\/havana-cigar-shop.com\/#\/schema\/logo\/image\/","url":"https:\/\/havana-cigar-shop.com\/wp-content\/uploads\/2025\/07\/havana-logo-web-1.png","contentUrl":"https:\/\/havana-cigar-shop.com\/wp-content\/uploads\/2025\/07\/havana-logo-web-1.png","width":229,"height":229,"caption":"Havana Shop"},"image":{"@id":"https:\/\/havana-cigar-shop.com\/#\/schema\/logo\/image\/"},"sameAs":["https:\/\/www.facebook.com\/havana.cigar.shop","https:\/\/www.instagram.com\/havanacigarshop\/"]}]}},"_links":{"self":[{"href":"https:\/\/havana-cigar-shop.com\/en\/wp-json\/wp\/v2\/pages\/8670","targetHints":{"allow":["GET"]}}],"collection":[{"href":"https:\/\/havana-cigar-shop.com\/en\/wp-json\/wp\/v2\/pages"}],"about":[{"href":"https:\/\/havana-cigar-shop.com\/en\/wp-json\/wp\/v2\/types\/page"}],"author":[{"embeddable":true,"href":"https:\/\/havana-cigar-shop.com\/en\/wp-json\/wp\/v2\/users\/1"}],"replies":[{"embeddable":true,"href":"https:\/\/havana-cigar-shop.com\/en\/wp-json\/wp\/v2\/comments?post=8670"}],"version-history":[{"count":3,"href":"https:\/\/havana-cigar-shop.com\/en\/wp-json\/wp\/v2\/pages\/8670\/revisions"}],"predecessor-version":[{"id":22354,"href":"https:\/\/havana-cigar-shop.com\/en\/wp-json\/wp\/v2\/pages\/8670\/revisions\/22354"}],"wp:attachment":[{"href":"https:\/\/havana-cigar-shop.com\/en\/wp-json\/wp\/v2\/media?parent=8670"}],"curies":[{"name":"wp","href":"https:\/\/api.w.org\/{rel}","templated":true}]}}